{"id":711,"date":"2023-09-27T10:15:40","date_gmt":"2023-09-27T10:15:40","guid":{"rendered":"https:\/\/lfstudio.al\/?page_id=711"},"modified":"2023-11-09T10:56:32","modified_gmt":"2023-11-09T10:56:32","slug":"visa-service","status":"publish","type":"page","link":"https:\/\/lfstudio.al\/sq\/visa-service\/","title":{"rendered":"Sh\u00ebrbimi Vizave"},"content":{"rendered":"<div data-elementor-type=\"wp-page\" data-elementor-id=\"711\" class=\"elementor elementor-711\" data-elementor-post-type=\"page\">\n\t\t\t\t\t\t\t\t\t<section class=\"elementor-section elementor-top-section elementor-element elementor-element-6267cef1 elementor-section-boxed elementor-section-height-default elementor-section-height-default\" data-id=\"6267cef1\" data-element_type=\"section\" data-settings=\"{&quot;background_background&quot;:&quot;classic&quot;}\">\n\t\t\t\t\t\t<div class=\"elementor-container elementor-column-gap-default\">\n\t\t\t\t\t<div class=\"elementor-column elementor-col-100 elementor-top-column elementor-element elementor-element-1f75961a\" data-id=\"1f75961a\" data-element_type=\"column\">\n\t\t\t<div class=\"elementor-widget-wrap elementor-element-populated\">\n\t\t\t\t\t\t\t\t<div class=\"elementor-element elementor-element-7bbc86d6 de_scroll_animation_no elementor-widget elementor-widget-heading\" data-id=\"7bbc86d6\" data-element_type=\"widget\" data-settings=\"{&quot;_animation&quot;:&quot;none&quot;}\" data-widget_type=\"heading.default\">\n\t\t\t\t<div class=\"elementor-widget-container\">\n\t\t\t<style>\/*! elementor - v3.18.0 - 20-12-2023 *\/\n.elementor-heading-title{padding:0;margin:0;line-height:1}.elementor-widget-heading .elementor-heading-title[class*=elementor-size-]>a{color:inherit;font-size:inherit;line-height:inherit}.elementor-widget-heading .elementor-heading-title.elementor-size-small{font-size:15px}.elementor-widget-heading .elementor-heading-title.elementor-size-medium{font-size:19px}.elementor-widget-heading .elementor-heading-title.elementor-size-large{font-size:29px}.elementor-widget-heading .elementor-heading-title.elementor-size-xl{font-size:39px}.elementor-widget-heading .elementor-heading-title.elementor-size-xxl{font-size:59px}<\/style><h1 class=\"elementor-heading-title elementor-size-default\">Sh\u00ebrbimi Vizave<\/h1>\t\t<\/div>\n\t\t\t\t<\/div>\n\t\t\t\t\t<\/div>\n\t\t<\/div>\n\t\t\t\t\t\t\t<\/div>\n\t\t<\/section>\n\t\t\t\t<section class=\"elementor-section elementor-top-section elementor-element elementor-element-2728be8 elementor-reverse-mobile elementor-section-boxed elementor-section-height-default elementor-section-height-default\" data-id=\"2728be8\" data-element_type=\"section\" data-settings=\"{&quot;background_background&quot;:&quot;classic&quot;}\">\n\t\t\t\t\t\t<div class=\"elementor-container elementor-column-gap-default\">\n\t\t\t\t\t<div class=\"elementor-column elementor-col-100 elementor-top-column elementor-element elementor-element-6f34d492\" data-id=\"6f34d492\" data-element_type=\"column\">\n\t\t\t<div class=\"elementor-widget-wrap elementor-element-populated\">\n\t\t\t\t\t\t\t\t<div class=\"elementor-element elementor-element-9f3dd07 de_scroll_animation_no elementor-widget elementor-widget-heading\" data-id=\"9f3dd07\" data-element_type=\"widget\" data-settings=\"{&quot;_animation&quot;:&quot;none&quot;}\" data-widget_type=\"heading.default\">\n\t\t\t\t<div class=\"elementor-widget-container\">\n\t\t\t<h2 class=\"elementor-heading-title elementor-size-default\">Aplikoni p\u00ebr Viz\u00ebn Turistike Amerikane<\/h2>\t\t<\/div>\n\t\t\t\t<\/div>\n\t\t\t\t<div class=\"elementor-element elementor-element-7550218 de_scroll_animation_no elementor-widget elementor-widget-button\" data-id=\"7550218\" data-element_type=\"widget\" data-widget_type=\"button.default\">\n\t\t\t\t<div class=\"elementor-widget-container\">\n\t\t\t\t\t<div class=\"elementor-button-wrapper\">\n\t\t\t<a class=\"elementor-button elementor-button-link elementor-size-sm\" href=\"https:\/\/lfstudio.al\/sq\/america-tourist-visa-application\/\">\n\t\t\t\t\t\t<span class=\"elementor-button-content-wrapper\">\n\t\t\t\t\t\t<span class=\"elementor-button-text\">Aplikoni Direkt K\u00ebtu!<\/span>\n\t\t<\/span>\n\t\t\t\t\t<\/a>\n\t\t<\/div>\n\t\t\t\t<\/div>\n\t\t\t\t<\/div>\n\t\t\t\t<div class=\"elementor-element elementor-element-610dafc9 elementor-widget__width-initial de_scroll_animation_no elementor-widget elementor-widget-heading\" data-id=\"610dafc9\" data-element_type=\"widget\" data-settings=\"{&quot;_animation&quot;:&quot;none&quot;}\" data-widget_type=\"heading.default\">\n\t\t\t\t<div class=\"elementor-widget-container\">\n\t\t\t<h2 class=\"elementor-heading-title elementor-size-default\">Zbuloni Horizonte t\u00eb Reja me Sh\u00ebrbime t\u00eb Vizave Pa Stres<\/h2>\t\t<\/div>\n\t\t\t\t<\/div>\n\t\t\t\t<div class=\"elementor-element elementor-element-2eb060c1 de_scroll_animation_no elementor-widget elementor-widget-text-editor\" data-id=\"2eb060c1\" data-element_type=\"widget\" data-settings=\"{&quot;_animation&quot;:&quot;none&quot;}\" data-widget_type=\"text-editor.default\">\n\t\t\t\t<div class=\"elementor-widget-container\">\n\t\t\t<style>\/*! elementor - v3.18.0 - 20-12-2023 *\/\n.elementor-widget-text-editor.elementor-drop-cap-view-stacked .elementor-drop-cap{background-color:#69727d;color:#fff}.elementor-widget-text-editor.elementor-drop-cap-view-framed .elementor-drop-cap{color:#69727d;border:3px solid;background-color:transparent}.elementor-widget-text-editor:not(.elementor-drop-cap-view-default) .elementor-drop-cap{margin-top:8px}.elementor-widget-text-editor:not(.elementor-drop-cap-view-default) .elementor-drop-cap-letter{width:1em;height:1em}.elementor-widget-text-editor .elementor-drop-cap{float:left;text-align:center;line-height:1;font-size:50px}.elementor-widget-text-editor .elementor-drop-cap-letter{display:inline-block}<\/style>\t\t\t\t<p>A jeni duke \u00ebnd\u00ebrruar p\u00ebr aventura nd\u00ebrkomb\u00ebtare, p\u00ebr t\u00eb ndjekur studime t\u00eb larta jasht\u00eb vendit, ose p\u00ebr t\u00eb zgjeruar horizontet tuaja p\u00ebrmes udh\u00ebtimeve? Navigimi n\u00eb detajet komplekse t\u00eb aplikimeve p\u00ebr viza dhe procedurave t\u00eb imigracionit mund t\u00eb jet\u00eb rraskapit\u00ebs, por me Sh\u00ebrbimet tona t\u00eb Vizave, udh\u00ebtimi juaj drejt mund\u00ebsive t\u00eb reja b\u00ebhet i thjesht\u00eb, pa stres dhe efikas.<\/p>\t\t\t\t\t\t<\/div>\n\t\t\t\t<\/div>\n\t\t\t\t<div class=\"elementor-element elementor-element-da5d903 de_scroll_animation_no elementor-widget elementor-widget-heading\" data-id=\"da5d903\" data-element_type=\"widget\" data-settings=\"{&quot;_animation&quot;:&quot;none&quot;}\" data-widget_type=\"heading.default\">\n\t\t\t\t<div class=\"elementor-widget-container\">\n\t\t\t<h2 class=\"elementor-heading-title elementor-size-default\">Pse t\u00eb na Zgjidhni Ne?<\/h2>\t\t<\/div>\n\t\t\t\t<\/div>\n\t\t\t\t<div class=\"elementor-element elementor-element-1dcff7a de_scroll_animation_no elementor-widget elementor-widget-text-editor\" data-id=\"1dcff7a\" data-element_type=\"widget\" data-settings=\"{&quot;_animation&quot;:&quot;none&quot;}\" data-widget_type=\"text-editor.default\">\n\t\t\t\t<div class=\"elementor-widget-container\">\n\t\t\t\t\t\t\t<p><strong>Ekspertiz\u00eb<\/strong>: Ekipi yn\u00eb i specialist\u00ebve t\u00eb imigracionit dhe vizave ka nj\u00eb ekspertiz\u00eb t\u00eb pashoqe n\u00eb fush\u00ebn gjithnj\u00eb n\u00eb ndryshim t\u00eb aplikimeve p\u00ebr viza. Ne kuptojm\u00eb q\u00eb \u00e7do aplikim p\u00ebr viz\u00eb \u00ebsht\u00eb unik dhe profesionist\u00ebt tan\u00eb jan\u00eb t\u00eb aft\u00eb t\u00eb trajtojn\u00eb detajet e ligjeve dhe rregulloreve t\u00eb imigracionit n\u00eb mbar\u00eb bot\u00ebn.<\/p><p><strong>Udh\u00ebzime t\u00eb Personalizuara<\/strong>: N\u00eb LF Studio, ne e dim\u00eb q\u00eb nj\u00eb qasje e vetme nuk funksionon p\u00ebr t\u00eb gjith\u00eb. Ne ofrojm\u00eb udh\u00ebzime t\u00eb personalizuara t\u00eb p\u00ebrshtatura p\u00ebr nevojat tuaja specifike, duke siguruar q\u00eb ju t\u00eb keni kategorin\u00eb e duhur t\u00eb viz\u00ebs, dokumentet e nevojshme dhe mb\u00ebshtetjen gjat\u00eb gjith\u00eb procesit t\u00eb aplikimit.<\/p><p><strong>Proces i Thjeshtuar<\/strong>: Ne e b\u00ebjm\u00eb procesin e aplikimit p\u00ebr viza t\u00eb thjesht\u00eb. Ekipi yn\u00eb ju ndihmon nga p\u00ebrgatitja e dokumenteve deri n\u00eb dor\u00ebzimin e tyre, duke ju kursyer koh\u00eb dhe duke ju ndihmuar t\u00eb shmangni gabimet e zakonshme.<\/p><p><strong>Sh\u00ebrbime t\u00eb Gjith\u00ebp\u00ebrfshira<\/strong>: Qoft\u00eb duke aplikuar p\u00ebr nj\u00eb viz\u00eb turistike, viz\u00eb studenti, leje pune apo q\u00ebndrim t\u00eb p\u00ebrhersh\u00ebm, gama jon\u00eb e gjer\u00eb e sh\u00ebrbimeve mbulon t\u00eb gjitha llojet e vizave. Ne kujdesemi p\u00ebr dokumentet, nd\u00ebrsa ju p\u00ebrqendroheni n\u00eb planifikimin e udh\u00ebtimit tuaj.<\/p><p><strong>Mb\u00ebshtetje Globale<\/strong>: Sh\u00ebrbimet tona t\u00eb Vizave shtrihen p\u00ebrtej kufijve. Ne ofrojm\u00eb mb\u00ebshtetje globale 24\/7, duke siguruar q\u00eb t\u00eb merrni ndihm\u00eb kurdo q\u00eb ju nevojitet, pavar\u00ebsisht se ku ndodheni n\u00eb bot\u00eb.<\/p><p><strong>\u00c7mime Konkurruese<\/strong>: Sh\u00ebrbimi cil\u00ebsor nuk duhet t\u00eb jet\u00eb me \u00e7mime t\u00eb larta. Ne ofrojm\u00eb \u00e7mime konkurruese p\u00ebr ta b\u00ebr\u00eb p\u00ebrvoj\u00ebn e aplikimit p\u00ebr viz\u00eb t\u00eb p\u00ebrballueshme dhe t\u00eb aksesueshme.<\/p><p><strong>Privat\u00ebsi dhe Konfidencialitet<\/strong>: Ne e vler\u00ebsojm\u00eb privat\u00ebsin\u00eb tuaj. Ne trajtojm\u00eb informacionin tuaj personal dhe detajet e aplikimit p\u00ebr viz\u00eb me konfidencialitet maksimal, duke siguruar q\u00eb t\u00eb dh\u00ebnat tuaja t\u00eb mbeten t\u00eb sigurta.<\/p><p><strong>Eksploroni Bot\u00ebn<\/strong>: Me LF Studio, mund t\u00eb nisni udh\u00ebtimin tuaj global me besim. Na lini neve t\u00eb merremi me dokumentacionin, nd\u00ebrsa ju p\u00ebrqendroheni n\u00eb aventur\u00ebn q\u00eb ju pret.<\/p><p>Gati p\u00ebr t\u00eb marr\u00eb hapin tjet\u00ebr n\u00eb udh\u00ebtimin tuaj nd\u00ebrkomb\u00ebtar? Na kontaktoni sot p\u00ebr nj\u00eb konsultim falas dhe zbuloni se si mund ta b\u00ebjm\u00eb procesin tuaj t\u00eb aplikimit p\u00ebr viz\u00eb m\u00eb t\u00eb thjesht\u00eb dhe m\u00eb t\u00eb suksessh\u00ebm. \u00cbndrrat tuaja ju presin \u2013 le t\u2019i b\u00ebjm\u00eb realitet!<\/p>\t\t\t\t\t\t<\/div>\n\t\t\t\t<\/div>\n\t\t\t\t\t<\/div>\n\t\t<\/div>\n\t\t\t\t\t\t\t<\/div>\n\t\t<\/section>\n\t\t\t\t<section class=\"elementor-section elementor-top-section elementor-element elementor-element-4f69c032 elementor-section-boxed elementor-section-height-default elementor-section-height-default\" data-id=\"4f69c032\" data-element_type=\"section\">\n\t\t\t\t\t\t<div class=\"elementor-container elementor-column-gap-default\">\n\t\t\t\t\t<div class=\"elementor-column elementor-col-100 elementor-top-column elementor-element elementor-element-713f7cff\" data-id=\"713f7cff\" data-element_type=\"column\">\n\t\t\t<div class=\"elementor-widget-wrap elementor-element-populated\">\n\t\t\t\t\t\t\t\t<div class=\"elementor-element elementor-element-5e494953 elementor-widget-divider--view-line de_scroll_animation_no elementor-invisible elementor-widget elementor-widget-divider\" data-id=\"5e494953\" data-element_type=\"widget\" data-settings=\"{&quot;_animation&quot;:&quot;fadeIn&quot;}\" data-widget_type=\"divider.default\">\n\t\t\t\t<div class=\"elementor-widget-container\">\n\t\t\t<style>\/*! elementor - v3.18.0 - 20-12-2023 *\/\n.elementor-widget-divider{--divider-border-style:none;--divider-border-width:1px;--divider-color:#0c0d0e;--divider-icon-size:20px;--divider-element-spacing:10px;--divider-pattern-height:24px;--divider-pattern-size:20px;--divider-pattern-url:none;--divider-pattern-repeat:repeat-x}.elementor-widget-divider .elementor-divider{display:flex}.elementor-widget-divider .elementor-divider__text{font-size:15px;line-height:1;max-width:95%}.elementor-widget-divider .elementor-divider__element{margin:0 var(--divider-element-spacing);flex-shrink:0}.elementor-widget-divider .elementor-icon{font-size:var(--divider-icon-size)}.elementor-widget-divider .elementor-divider-separator{display:flex;margin:0;direction:ltr}.elementor-widget-divider--view-line_icon .elementor-divider-separator,.elementor-widget-divider--view-line_text .elementor-divider-separator{align-items:center}.elementor-widget-divider--view-line_icon .elementor-divider-separator:after,.elementor-widget-divider--view-line_icon .elementor-divider-separator:before,.elementor-widget-divider--view-line_text .elementor-divider-separator:after,.elementor-widget-divider--view-line_text .elementor-divider-separator:before{display:block;content:\"\";border-bottom:0;flex-grow:1;border-top:var(--divider-border-width) var(--divider-border-style) var(--divider-color)}.elementor-widget-divider--element-align-left .elementor-divider .elementor-divider-separator>.elementor-divider__svg:first-of-type{flex-grow:0;flex-shrink:100}.elementor-widget-divider--element-align-left .elementor-divider-separator:before{content:none}.elementor-widget-divider--element-align-left .elementor-divider__element{margin-left:0}.elementor-widget-divider--element-align-right .elementor-divider .elementor-divider-separator>.elementor-divider__svg:last-of-type{flex-grow:0;flex-shrink:100}.elementor-widget-divider--element-align-right .elementor-divider-separator:after{content:none}.elementor-widget-divider--element-align-right .elementor-divider__element{margin-right:0}.elementor-widget-divider:not(.elementor-widget-divider--view-line_text):not(.elementor-widget-divider--view-line_icon) .elementor-divider-separator{border-top:var(--divider-border-width) var(--divider-border-style) var(--divider-color)}.elementor-widget-divider--separator-type-pattern{--divider-border-style:none}.elementor-widget-divider--separator-type-pattern.elementor-widget-divider--view-line .elementor-divider-separator,.elementor-widget-divider--separator-type-pattern:not(.elementor-widget-divider--view-line) .elementor-divider-separator:after,.elementor-widget-divider--separator-type-pattern:not(.elementor-widget-divider--view-line) .elementor-divider-separator:before,.elementor-widget-divider--separator-type-pattern:not([class*=elementor-widget-divider--view]) .elementor-divider-separator{width:100%;min-height:var(--divider-pattern-height);-webkit-mask-size:var(--divider-pattern-size) 100%;mask-size:var(--divider-pattern-size) 100%;-webkit-mask-repeat:var(--divider-pattern-repeat);mask-repeat:var(--divider-pattern-repeat);background-color:var(--divider-color);-webkit-mask-image:var(--divider-pattern-url);mask-image:var(--divider-pattern-url)}.elementor-widget-divider--no-spacing{--divider-pattern-size:auto}.elementor-widget-divider--bg-round{--divider-pattern-repeat:round}.rtl .elementor-widget-divider .elementor-divider__text{direction:rtl}.e-con-inner>.elementor-widget-divider,.e-con>.elementor-widget-divider{width:var(--container-widget-width,100%);--flex-grow:var(--container-widget-flex-grow)}<\/style>\t\t<div class=\"elementor-divider\">\n\t\t\t<span class=\"elementor-divider-separator\">\n\t\t\t\t\t\t<\/span>\n\t\t<\/div>\n\t\t\t\t<\/div>\n\t\t\t\t<\/div>\n\t\t\t\t\t<\/div>\n\t\t<\/div>\n\t\t\t\t\t\t\t<\/div>\n\t\t<\/section>\n\t\t\t\t\t\t\t<\/div>","protected":false},"excerpt":{"rendered":"<p>Visa Service Apply for American Tourist Visa Application Apply Directly Here! Unlock New Horizons with Hassle-Free Visa Services Are you dreaming of international adventures, pursuing higher education abroad, or seeking to expand your horizons through travel? Navigating the intricacies of visa applications and immigration procedures can be overwhelming, but with our Visa Services, your journey &hellip;<\/p>\n<p class=\"read-more\"> <a class=\"\" href=\"https:\/\/lfstudio.al\/sq\/visa-service\/\"> <span class=\"screen-reader-text\">Sh\u00ebrbimi Vizave<\/span> Read More &raquo;<\/a><\/p>","protected":false},"author":1,"featured_media":0,"parent":0,"menu_order":0,"comment_status":"closed","ping_status":"closed","template":"elementor_header_footer","meta":{"site-sidebar-layout":"no-sidebar","site-content-layout":"","ast-site-content-layout":"full-width-container","site-content-style":"default","site-sidebar-style":"default","ast-global-header-display":"","ast-banner-title-visibility":"","ast-main-header-display":"","ast-hfb-above-header-display":"","ast-hfb-below-header-display":"","ast-hfb-mobile-header-display":"","site-post-title":"disabled","ast-breadcrumbs-content":"","ast-featured-img":"disabled","footer-sml-layout":"","theme-transparent-header-meta":"default","adv-header-id-meta":"","stick-header-meta":"","header-above-stick-meta":"","header-main-stick-meta":"","header-below-stick-meta":"","astra-migrate-meta-layouts":"set","ast-page-background-enabled":"default","ast-page-background-meta":{"desktop":{"background-color":"var(--ast-global-color-4)","background-image":"","background-repeat":"repeat","background-position":"center center","background-size":"auto","background-attachment":"scroll","background-type":"","background-media":"","overlay-type":"","overlay-color":"","overlay-gradient":""},"tablet":{"background-color":"","background-image":"","background-repeat":"repeat","background-position":"center center","background-size":"auto","background-attachment":"scroll","background-type":"","background-media":"","overlay-type":"","overlay-color":"","overlay-gradient":""},"mobile":{"background-color":"","background-image":"","background-repeat":"repeat","background-position":"center center","background-size":"auto","background-attachment":"scroll","background-type":"","background-media":"","overlay-type":"","overlay-color":"","overlay-gradient":""}},"ast-content-background-meta":{"desktop":{"background-color":"var(--ast-global-color-5)","background-image":"","background-repeat":"repeat","background-position":"center center","background-size":"auto","background-attachment":"scroll","background-type":"","background-media":"","overlay-type":"","overlay-color":"","overlay-gradient":""},"tablet":{"background-color":"var(--ast-global-color-5)","background-image":"","background-repeat":"repeat","background-position":"center center","background-size":"auto","background-attachment":"scroll","background-type":"","background-media":"","overlay-type":"","overlay-color":"","overlay-gradient":""},"mobile":{"background-color":"var(--ast-global-color-5)","background-image":"","background-repeat":"repeat","background-position":"center center","background-size":"auto","background-attachment":"scroll","background-type":"","background-media":"","overlay-type":"","overlay-color":"","overlay-gradient":""}},"footnotes":""},"yoast_head":"<!-- This site is optimized with the Yoast SEO plugin v23.0 - https:\/\/yoast.com\/wordpress\/plugins\/seo\/ -->\n<title>Visa Service - LF Studio<\/title>\n<meta name=\"robots\" content=\"index, follow, max-snippet:-1, max-image-preview:large, max-video-preview:-1\" \/>\n<link rel=\"canonical\" href=\"https:\/\/lfstudio.al\/sq\/visa-service\/\" \/>\n<meta property=\"og:locale\" content=\"sq_AL\" \/>\n<meta property=\"og:type\" content=\"article\" \/>\n<meta property=\"og:title\" content=\"Visa Service - LF Studio\" \/>\n<meta property=\"og:description\" content=\"Visa Service Apply for American Tourist Visa Application Apply Directly Here! Unlock New Horizons with Hassle-Free Visa Services Are you dreaming of international adventures, pursuing higher education abroad, or seeking to expand your horizons through travel? Navigating the intricacies of visa applications and immigration procedures can be overwhelming, but with our Visa Services, your journey &hellip; Visa Service Read More &raquo;\" \/>\n<meta property=\"og:url\" content=\"https:\/\/lfstudio.al\/sq\/visa-service\/\" \/>\n<meta property=\"og:site_name\" content=\"LF Studio\" \/>\n<meta property=\"article:publisher\" content=\"https:\/\/www.facebook.com\/LF-Studio-104920954596871\/\" \/>\n<meta property=\"article:modified_time\" content=\"2023-11-09T10:56:32+00:00\" \/>\n<meta name=\"twitter:card\" content=\"summary_large_image\" \/>\n<meta name=\"twitter:label1\" content=\"Est. reading time\" \/>\n\t<meta name=\"twitter:data1\" content=\"2 minuta\" \/>\n<script type=\"application\/ld+json\" class=\"yoast-schema-graph\">{\"@context\":\"https:\/\/schema.org\",\"@graph\":[{\"@type\":\"WebPage\",\"@id\":\"https:\/\/lfstudio.al\/visa-service\/\",\"url\":\"https:\/\/lfstudio.al\/visa-service\/\",\"name\":\"Visa Service - LF Studio\",\"isPartOf\":{\"@id\":\"https:\/\/lfstudio.al\/#website\"},\"datePublished\":\"2023-09-27T10:15:40+00:00\",\"dateModified\":\"2023-11-09T10:56:32+00:00\",\"breadcrumb\":{\"@id\":\"https:\/\/lfstudio.al\/visa-service\/#breadcrumb\"},\"inLanguage\":\"sq\",\"potentialAction\":[{\"@type\":\"ReadAction\",\"target\":[\"https:\/\/lfstudio.al\/visa-service\/\"]}]},{\"@type\":\"BreadcrumbList\",\"@id\":\"https:\/\/lfstudio.al\/visa-service\/#breadcrumb\",\"itemListElement\":[{\"@type\":\"ListItem\",\"position\":1,\"name\":\"Home\",\"item\":\"https:\/\/lfstudio.al\/\"},{\"@type\":\"ListItem\",\"position\":2,\"name\":\"Visa Service\"}]},{\"@type\":\"WebSite\",\"@id\":\"https:\/\/lfstudio.al\/#website\",\"url\":\"https:\/\/lfstudio.al\/\",\"name\":\"LF Studio\",\"description\":\"Unlocking Global Connections, One Word at a Time\",\"publisher\":{\"@id\":\"https:\/\/lfstudio.al\/#organization\"},\"potentialAction\":[{\"@type\":\"SearchAction\",\"target\":{\"@type\":\"EntryPoint\",\"urlTemplate\":\"https:\/\/lfstudio.al\/?s={search_term_string}\"},\"query-input\":\"required name=search_term_string\"}],\"inLanguage\":\"sq\"},{\"@type\":\"Organization\",\"@id\":\"https:\/\/lfstudio.al\/#organization\",\"name\":\"LF Studio\",\"url\":\"https:\/\/lfstudio.al\/\",\"logo\":{\"@type\":\"ImageObject\",\"inLanguage\":\"sq\",\"@id\":\"https:\/\/lfstudio.al\/#\/schema\/logo\/image\/\",\"url\":\"https:\/\/lfstudio.al\/wp-content\/uploads\/2023\/09\/logo-1.png\",\"contentUrl\":\"https:\/\/lfstudio.al\/wp-content\/uploads\/2023\/09\/logo-1.png\",\"width\":3302,\"height\":2552,\"caption\":\"LF Studio\"},\"image\":{\"@id\":\"https:\/\/lfstudio.al\/#\/schema\/logo\/image\/\"},\"sameAs\":[\"https:\/\/www.facebook.com\/LF-Studio-104920954596871\/\",\"https:\/\/www.instagram.com\/l.fstudio\/\"]}]}<\/script>\n<!-- \/ Yoast SEO plugin. -->","yoast_head_json":{"title":"Visa Service - LF Studio","robots":{"index":"index","follow":"follow","max-snippet":"max-snippet:-1","max-image-preview":"max-image-preview:large","max-video-preview":"max-video-preview:-1"},"canonical":"https:\/\/lfstudio.al\/sq\/visa-service\/","og_locale":"sq_AL","og_type":"article","og_title":"Visa Service - LF Studio","og_description":"Visa Service Apply for American Tourist Visa Application Apply Directly Here! Unlock New Horizons with Hassle-Free Visa Services Are you dreaming of international adventures, pursuing higher education abroad, or seeking to expand your horizons through travel? Navigating the intricacies of visa applications and immigration procedures can be overwhelming, but with our Visa Services, your journey &hellip; Visa Service Read More &raquo;","og_url":"https:\/\/lfstudio.al\/sq\/visa-service\/","og_site_name":"LF Studio","article_publisher":"https:\/\/www.facebook.com\/LF-Studio-104920954596871\/","article_modified_time":"2023-11-09T10:56:32+00:00","twitter_card":"summary_large_image","twitter_misc":{"Est. reading time":"2 minuta"},"schema":{"@context":"https:\/\/schema.org","@graph":[{"@type":"WebPage","@id":"https:\/\/lfstudio.al\/visa-service\/","url":"https:\/\/lfstudio.al\/visa-service\/","name":"Visa Service - LF Studio","isPartOf":{"@id":"https:\/\/lfstudio.al\/#website"},"datePublished":"2023-09-27T10:15:40+00:00","dateModified":"2023-11-09T10:56:32+00:00","breadcrumb":{"@id":"https:\/\/lfstudio.al\/visa-service\/#breadcrumb"},"inLanguage":"sq","potentialAction":[{"@type":"ReadAction","target":["https:\/\/lfstudio.al\/visa-service\/"]}]},{"@type":"BreadcrumbList","@id":"https:\/\/lfstudio.al\/visa-service\/#breadcrumb","itemListElement":[{"@type":"ListItem","position":1,"name":"Home","item":"https:\/\/lfstudio.al\/"},{"@type":"ListItem","position":2,"name":"Visa Service"}]},{"@type":"WebSite","@id":"https:\/\/lfstudio.al\/#website","url":"https:\/\/lfstudio.al\/","name":"LF Studio","description":"Unlocking Global Connections, One Word at a Time","publisher":{"@id":"https:\/\/lfstudio.al\/#organization"},"potentialAction":[{"@type":"SearchAction","target":{"@type":"EntryPoint","urlTemplate":"https:\/\/lfstudio.al\/?s={search_term_string}"},"query-input":"required name=search_term_string"}],"inLanguage":"sq"},{"@type":"Organization","@id":"https:\/\/lfstudio.al\/#organization","name":"LF Studio","url":"https:\/\/lfstudio.al\/","logo":{"@type":"ImageObject","inLanguage":"sq","@id":"https:\/\/lfstudio.al\/#\/schema\/logo\/image\/","url":"https:\/\/lfstudio.al\/wp-content\/uploads\/2023\/09\/logo-1.png","contentUrl":"https:\/\/lfstudio.al\/wp-content\/uploads\/2023\/09\/logo-1.png","width":3302,"height":2552,"caption":"LF Studio"},"image":{"@id":"https:\/\/lfstudio.al\/#\/schema\/logo\/image\/"},"sameAs":["https:\/\/www.facebook.com\/LF-Studio-104920954596871\/","https:\/\/www.instagram.com\/l.fstudio\/"]}]}},"_links":{"self":[{"href":"https:\/\/lfstudio.al\/sq\/wp-json\/wp\/v2\/pages\/711"}],"collection":[{"href":"https:\/\/lfstudio.al\/sq\/wp-json\/wp\/v2\/pages"}],"about":[{"href":"https:\/\/lfstudio.al\/sq\/wp-json\/wp\/v2\/types\/page"}],"author":[{"embeddable":true,"href":"https:\/\/lfstudio.al\/sq\/wp-json\/wp\/v2\/users\/1"}],"replies":[{"embeddable":true,"href":"https:\/\/lfstudio.al\/sq\/wp-json\/wp\/v2\/comments?post=711"}],"version-history":[{"count":31,"href":"https:\/\/lfstudio.al\/sq\/wp-json\/wp\/v2\/pages\/711\/revisions"}],"predecessor-version":[{"id":1235,"href":"https:\/\/lfstudio.al\/sq\/wp-json\/wp\/v2\/pages\/711\/revisions\/1235"}],"wp:attachment":[{"href":"https:\/\/lfstudio.al\/sq\/wp-json\/wp\/v2\/media?parent=711"}],"curies":[{"name":"wp","href":"https:\/\/api.w.org\/{rel}","templated":true}]}}