{"id":479,"date":"2023-09-14T16:30:05","date_gmt":"2023-09-14T16:30:05","guid":{"rendered":"https:\/\/lfstudio.al\/?page_id=479"},"modified":"2023-11-09T10:56:28","modified_gmt":"2023-11-09T10:56:28","slug":"book-translation-service","status":"publish","type":"page","link":"https:\/\/lfstudio.al\/sq\/book-translation-service\/","title":{"rendered":"Sh\u00ebrbim p\u00ebrkthimi librash"},"content":{"rendered":"<div data-elementor-type=\"wp-page\" data-elementor-id=\"479\" class=\"elementor elementor-479\" data-elementor-post-type=\"page\">\n\t\t\t\t\t\t\t\t\t<section class=\"elementor-section elementor-top-section elementor-element elementor-element-6267cef1 elementor-section-boxed elementor-section-height-default elementor-section-height-default\" data-id=\"6267cef1\" data-element_type=\"section\" data-settings=\"{&quot;background_background&quot;:&quot;classic&quot;}\">\n\t\t\t\t\t\t<div class=\"elementor-container elementor-column-gap-default\">\n\t\t\t\t\t<div class=\"elementor-column elementor-col-100 elementor-top-column elementor-element elementor-element-1f75961a\" data-id=\"1f75961a\" data-element_type=\"column\">\n\t\t\t<div class=\"elementor-widget-wrap elementor-element-populated\">\n\t\t\t\t\t\t\t\t<div class=\"elementor-element elementor-element-7bbc86d6 de_scroll_animation_no elementor-widget elementor-widget-heading\" data-id=\"7bbc86d6\" data-element_type=\"widget\" data-settings=\"{&quot;_animation&quot;:&quot;none&quot;}\" data-widget_type=\"heading.default\">\n\t\t\t\t<div class=\"elementor-widget-container\">\n\t\t\t<style>\/*! elementor - v3.18.0 - 20-12-2023 *\/\n.elementor-heading-title{padding:0;margin:0;line-height:1}.elementor-widget-heading .elementor-heading-title[class*=elementor-size-]>a{color:inherit;font-size:inherit;line-height:inherit}.elementor-widget-heading .elementor-heading-title.elementor-size-small{font-size:15px}.elementor-widget-heading .elementor-heading-title.elementor-size-medium{font-size:19px}.elementor-widget-heading .elementor-heading-title.elementor-size-large{font-size:29px}.elementor-widget-heading .elementor-heading-title.elementor-size-xl{font-size:39px}.elementor-widget-heading .elementor-heading-title.elementor-size-xxl{font-size:59px}<\/style><h1 class=\"elementor-heading-title elementor-size-default\">Sh\u00ebrbim p\u00ebrkthimi librash\n<\/h1>\t\t<\/div>\n\t\t\t\t<\/div>\n\t\t\t\t\t<\/div>\n\t\t<\/div>\n\t\t\t\t\t\t\t<\/div>\n\t\t<\/section>\n\t\t\t\t<section class=\"elementor-section elementor-top-section elementor-element elementor-element-2728be8 elementor-reverse-mobile elementor-section-boxed elementor-section-height-default elementor-section-height-default\" data-id=\"2728be8\" data-element_type=\"section\" data-settings=\"{&quot;background_background&quot;:&quot;classic&quot;}\">\n\t\t\t\t\t\t<div class=\"elementor-container elementor-column-gap-default\">\n\t\t\t\t\t<div class=\"elementor-column elementor-col-100 elementor-top-column elementor-element elementor-element-6f34d492\" data-id=\"6f34d492\" data-element_type=\"column\">\n\t\t\t<div class=\"elementor-widget-wrap elementor-element-populated\">\n\t\t\t\t\t\t\t\t<div class=\"elementor-element elementor-element-610dafc9 de_scroll_animation_no elementor-widget elementor-widget-heading\" data-id=\"610dafc9\" data-element_type=\"widget\" data-settings=\"{&quot;_animation&quot;:&quot;none&quot;}\" data-widget_type=\"heading.default\">\n\t\t\t\t<div class=\"elementor-widget-container\">\n\t\t\t<h2 class=\"elementor-heading-title elementor-size-default\">Sh\u00ebrbimi Shum\u00ebgjuh\u00ebsh i P\u00ebrkthimit t\u00eb Librave\n\n<\/h2>\t\t<\/div>\n\t\t\t\t<\/div>\n\t\t\t\t<div class=\"elementor-element elementor-element-2eb060c1 de_scroll_animation_no elementor-widget elementor-widget-text-editor\" data-id=\"2eb060c1\" data-element_type=\"widget\" data-settings=\"{&quot;_animation&quot;:&quot;none&quot;}\" data-widget_type=\"text-editor.default\">\n\t\t\t\t<div class=\"elementor-widget-container\">\n\t\t\t<style>\/*! elementor - v3.18.0 - 20-12-2023 *\/\n.elementor-widget-text-editor.elementor-drop-cap-view-stacked .elementor-drop-cap{background-color:#69727d;color:#fff}.elementor-widget-text-editor.elementor-drop-cap-view-framed .elementor-drop-cap{color:#69727d;border:3px solid;background-color:transparent}.elementor-widget-text-editor:not(.elementor-drop-cap-view-default) .elementor-drop-cap{margin-top:8px}.elementor-widget-text-editor:not(.elementor-drop-cap-view-default) .elementor-drop-cap-letter{width:1em;height:1em}.elementor-widget-text-editor .elementor-drop-cap{float:left;text-align:center;line-height:1;font-size:50px}.elementor-widget-text-editor .elementor-drop-cap-letter{display:inline-block}<\/style>\t\t\t\t<p>LF Studio ofron sh\u00ebrbimin e p\u00ebrkthimit shum\u00ebgjuh\u00ebsh t\u00eb librave n\u00eb m\u00eb shum\u00eb se 10 gjuh\u00eb. Pavar\u00ebsisht n\u00ebse keni nevoj\u00eb t\u00eb p\u00ebrktheni libra nga anglishtja, italishtja, gjermanishtja, turqishtja dhe gjuh\u00eb t\u00eb tjera, ekipi yn\u00eb i p\u00ebrkthyesve t\u00eb certifikuar dhe vendas mund t'ju ndihmoj\u00eb. N\u00eb LF Studio, sh\u00ebrbimet e p\u00ebrkthimit kryhen nga p\u00ebrkthyes t\u00eb arsimuar n\u00eb universitete dhe fol\u00ebs t\u00eb certifikuar t\u00eb gjuh\u00ebs p\u00ebrkat\u00ebse, p\u00ebr t'i sjell\u00eb faqet e librit tuaj nj\u00eb bote t\u00eb re lexuesish q\u00eb mund t\u00eb p\u00ebrjetojn\u00eb emocionet, dram\u00ebn, arg\u00ebtimin dhe faktet pik\u00ebrisht ashtu si\u00e7 jan\u00eb menduar t\u00eb jen\u00eb.<\/p>\t\t\t\t\t\t<\/div>\n\t\t\t\t<\/div>\n\t\t\t\t<div class=\"elementor-element elementor-element-da5d903 de_scroll_animation_no elementor-widget elementor-widget-heading\" data-id=\"da5d903\" data-element_type=\"widget\" data-settings=\"{&quot;_animation&quot;:&quot;none&quot;}\" data-widget_type=\"heading.default\">\n\t\t\t\t<div class=\"elementor-widget-container\">\n\t\t\t<h2 class=\"elementor-heading-title elementor-size-default\">Sh\u00ebrbime t\u00eb Gjith\u00ebp\u00ebrfshira t\u00eb P\u00ebrkthimit t\u00eb Librave\n\n<\/h2>\t\t<\/div>\n\t\t\t\t<\/div>\n\t\t\t\t<div class=\"elementor-element elementor-element-1dcff7a de_scroll_animation_no elementor-widget elementor-widget-text-editor\" data-id=\"1dcff7a\" data-element_type=\"widget\" data-settings=\"{&quot;_animation&quot;:&quot;none&quot;}\" data-widget_type=\"text-editor.default\">\n\t\t\t\t<div class=\"elementor-widget-container\">\n\t\t\t\t\t\t\t<ul type=\"square\">\n \t<li>Romane artistike<\/li>\n \t<li>Tregime t\u00eb shkurtra<\/li>\n \t<li>Biografi<\/li>\n \t<li>Romane historike<\/li>\n \t<li>Udh\u00ebzues<\/li>\n \t<li>Autobiografi<\/li>\n \t<li>Libra mbi tema shkencore dhe filozofike<\/li>\n \t<li>Artikuj gazetash<\/li>\n \t<li>Teza doktorature<\/li>\n \t<li>Punime universitare<\/li>\n \t<li>Sh\u00ebrbime p\u00ebr p\u00ebrkthimin e librave elektronik\u00eb<\/li>\n \t<li>Sh\u00ebrbime p\u00ebr p\u00ebrkthimin e librave n\u00eb Amazon<\/li>\n \t<li>Vepra t\u00eb tjera letrare<\/li>\n<\/ul>\n\nNe jemi t\u00eb gatsh\u00ebm t'ju ndihmojm\u00eb dhe t'i b\u00ebjm\u00eb p\u00ebrmbajtjet tuaja t\u00eb aksesueshme dhe t\u00eb lexueshme nga nj\u00eb audienc\u00eb m\u00eb e gjer\u00eb. Na kontaktoni dhe shijoni fam\u00ebn e t\u00eb qenit nj\u00eb autor i njohur n\u00eb mbar\u00eb bot\u00ebn!\n\t\t\t\t\t\t<\/div>\n\t\t\t\t<\/div>\n\t\t\t\t<div class=\"elementor-element elementor-element-7550218 de_scroll_animation_no elementor-widget elementor-widget-button\" data-id=\"7550218\" data-element_type=\"widget\" data-widget_type=\"button.default\">\n\t\t\t\t<div class=\"elementor-widget-container\">\n\t\t\t\t\t<div class=\"elementor-button-wrapper\">\n\t\t\t<a class=\"elementor-button elementor-button-link elementor-size-sm\" href=\"https:\/\/lfstudio.al\/sq\/get-a-quote\/\">\n\t\t\t\t\t\t<span class=\"elementor-button-content-wrapper\">\n\t\t\t\t\t\t<span class=\"elementor-button-text\">Merrni nj\u00eb ofert\u00eb falas tani<\/span>\n\t\t<\/span>\n\t\t\t\t\t<\/a>\n\t\t<\/div>\n\t\t\t\t<\/div>\n\t\t\t\t<\/div>\n\t\t\t\t\t<\/div>\n\t\t<\/div>\n\t\t\t\t\t\t\t<\/div>\n\t\t<\/section>\n\t\t\t\t<section class=\"elementor-section elementor-top-section elementor-element elementor-element-4f69c032 elementor-section-boxed elementor-section-height-default elementor-section-height-default\" data-id=\"4f69c032\" data-element_type=\"section\">\n\t\t\t\t\t\t<div class=\"elementor-container elementor-column-gap-default\">\n\t\t\t\t\t<div class=\"elementor-column elementor-col-100 elementor-top-column elementor-element elementor-element-713f7cff\" data-id=\"713f7cff\" data-element_type=\"column\">\n\t\t\t<div class=\"elementor-widget-wrap elementor-element-populated\">\n\t\t\t\t\t\t\t\t<div class=\"elementor-element elementor-element-5e494953 elementor-widget-divider--view-line de_scroll_animation_no elementor-invisible elementor-widget elementor-widget-divider\" data-id=\"5e494953\" data-element_type=\"widget\" data-settings=\"{&quot;_animation&quot;:&quot;fadeIn&quot;}\" data-widget_type=\"divider.default\">\n\t\t\t\t<div class=\"elementor-widget-container\">\n\t\t\t<style>\/*! elementor - v3.18.0 - 20-12-2023 *\/\n.elementor-widget-divider{--divider-border-style:none;--divider-border-width:1px;--divider-color:#0c0d0e;--divider-icon-size:20px;--divider-element-spacing:10px;--divider-pattern-height:24px;--divider-pattern-size:20px;--divider-pattern-url:none;--divider-pattern-repeat:repeat-x}.elementor-widget-divider .elementor-divider{display:flex}.elementor-widget-divider .elementor-divider__text{font-size:15px;line-height:1;max-width:95%}.elementor-widget-divider .elementor-divider__element{margin:0 var(--divider-element-spacing);flex-shrink:0}.elementor-widget-divider .elementor-icon{font-size:var(--divider-icon-size)}.elementor-widget-divider .elementor-divider-separator{display:flex;margin:0;direction:ltr}.elementor-widget-divider--view-line_icon .elementor-divider-separator,.elementor-widget-divider--view-line_text .elementor-divider-separator{align-items:center}.elementor-widget-divider--view-line_icon .elementor-divider-separator:after,.elementor-widget-divider--view-line_icon .elementor-divider-separator:before,.elementor-widget-divider--view-line_text .elementor-divider-separator:after,.elementor-widget-divider--view-line_text .elementor-divider-separator:before{display:block;content:\"\";border-bottom:0;flex-grow:1;border-top:var(--divider-border-width) var(--divider-border-style) var(--divider-color)}.elementor-widget-divider--element-align-left .elementor-divider .elementor-divider-separator>.elementor-divider__svg:first-of-type{flex-grow:0;flex-shrink:100}.elementor-widget-divider--element-align-left .elementor-divider-separator:before{content:none}.elementor-widget-divider--element-align-left .elementor-divider__element{margin-left:0}.elementor-widget-divider--element-align-right .elementor-divider .elementor-divider-separator>.elementor-divider__svg:last-of-type{flex-grow:0;flex-shrink:100}.elementor-widget-divider--element-align-right .elementor-divider-separator:after{content:none}.elementor-widget-divider--element-align-right .elementor-divider__element{margin-right:0}.elementor-widget-divider:not(.elementor-widget-divider--view-line_text):not(.elementor-widget-divider--view-line_icon) .elementor-divider-separator{border-top:var(--divider-border-width) var(--divider-border-style) var(--divider-color)}.elementor-widget-divider--separator-type-pattern{--divider-border-style:none}.elementor-widget-divider--separator-type-pattern.elementor-widget-divider--view-line .elementor-divider-separator,.elementor-widget-divider--separator-type-pattern:not(.elementor-widget-divider--view-line) .elementor-divider-separator:after,.elementor-widget-divider--separator-type-pattern:not(.elementor-widget-divider--view-line) .elementor-divider-separator:before,.elementor-widget-divider--separator-type-pattern:not([class*=elementor-widget-divider--view]) .elementor-divider-separator{width:100%;min-height:var(--divider-pattern-height);-webkit-mask-size:var(--divider-pattern-size) 100%;mask-size:var(--divider-pattern-size) 100%;-webkit-mask-repeat:var(--divider-pattern-repeat);mask-repeat:var(--divider-pattern-repeat);background-color:var(--divider-color);-webkit-mask-image:var(--divider-pattern-url);mask-image:var(--divider-pattern-url)}.elementor-widget-divider--no-spacing{--divider-pattern-size:auto}.elementor-widget-divider--bg-round{--divider-pattern-repeat:round}.rtl .elementor-widget-divider .elementor-divider__text{direction:rtl}.e-con-inner>.elementor-widget-divider,.e-con>.elementor-widget-divider{width:var(--container-widget-width,100%);--flex-grow:var(--container-widget-flex-grow)}<\/style>\t\t<div class=\"elementor-divider\">\n\t\t\t<span class=\"elementor-divider-separator\">\n\t\t\t\t\t\t<\/span>\n\t\t<\/div>\n\t\t\t\t<\/div>\n\t\t\t\t<\/div>\n\t\t\t\t\t<\/div>\n\t\t<\/div>\n\t\t\t\t\t\t\t<\/div>\n\t\t<\/section>\n\t\t\t\t\t\t\t<\/div>","protected":false},"excerpt":{"rendered":"<p>Book Translation Service Multilingual Book Translation Service LF Studio offers multilingual book translation service in more than 10 languages.Whether you need to translate book from English, Italian, German, Turkish and other languages, our team of certified native translators could help you. At LF Studio, translation services are carried out by the university-educated and certified native &hellip;<\/p>\n<p class=\"read-more\"> <a class=\"\" href=\"https:\/\/lfstudio.al\/sq\/book-translation-service\/\"> <span class=\"screen-reader-text\">Sh\u00ebrbim p\u00ebrkthimi librash<\/span> Read More &raquo;<\/a><\/p>","protected":false},"author":1,"featured_media":0,"parent":0,"menu_order":0,"comment_status":"closed","ping_status":"closed","template":"elementor_header_footer","meta":{"site-sidebar-layout":"no-sidebar","site-content-layout":"","ast-site-content-layout":"full-width-container","site-content-style":"default","site-sidebar-style":"default","ast-global-header-display":"","ast-banner-title-visibility":"","ast-main-header-display":"","ast-hfb-above-header-display":"","ast-hfb-below-header-display":"","ast-hfb-mobile-header-display":"","site-post-title":"disabled","ast-breadcrumbs-content":"","ast-featured-img":"disabled","footer-sml-layout":"","theme-transparent-header-meta":"default","adv-header-id-meta":"","stick-header-meta":"","header-above-stick-meta":"","header-main-stick-meta":"","header-below-stick-meta":"","astra-migrate-meta-layouts":"set","ast-page-background-enabled":"default","ast-page-background-meta":{"desktop":{"background-color":"var(--ast-global-color-4)","background-image":"","background-repeat":"repeat","background-position":"center center","background-size":"auto","background-attachment":"scroll","background-type":"","background-media":"","overlay-type":"","overlay-color":"","overlay-gradient":""},"tablet":{"background-color":"","background-image":"","background-repeat":"repeat","background-position":"center center","background-size":"auto","background-attachment":"scroll","background-type":"","background-media":"","overlay-type":"","overlay-color":"","overlay-gradient":""},"mobile":{"background-color":"","background-image":"","background-repeat":"repeat","background-position":"center center","background-size":"auto","background-attachment":"scroll","background-type":"","background-media":"","overlay-type":"","overlay-color":"","overlay-gradient":""}},"ast-content-background-meta":{"desktop":{"background-color":"var(--ast-global-color-5)","background-image":"","background-repeat":"repeat","background-position":"center center","background-size":"auto","background-attachment":"scroll","background-type":"","background-media":"","overlay-type":"","overlay-color":"","overlay-gradient":""},"tablet":{"background-color":"var(--ast-global-color-5)","background-image":"","background-repeat":"repeat","background-position":"center center","background-size":"auto","background-attachment":"scroll","background-type":"","background-media":"","overlay-type":"","overlay-color":"","overlay-gradient":""},"mobile":{"background-color":"var(--ast-global-color-5)","background-image":"","background-repeat":"repeat","background-position":"center center","background-size":"auto","background-attachment":"scroll","background-type":"","background-media":"","overlay-type":"","overlay-color":"","overlay-gradient":""}},"footnotes":""},"yoast_head":"<!-- This site is optimized with the Yoast SEO plugin v23.0 - https:\/\/yoast.com\/wordpress\/plugins\/seo\/ -->\n<title>Book Translation Service - LF Studio<\/title>\n<meta name=\"robots\" content=\"index, follow, max-snippet:-1, max-image-preview:large, max-video-preview:-1\" \/>\n<link rel=\"canonical\" href=\"https:\/\/lfstudio.al\/sq\/book-translation-service\/\" \/>\n<meta property=\"og:locale\" content=\"sq_AL\" \/>\n<meta property=\"og:type\" content=\"article\" \/>\n<meta property=\"og:title\" content=\"Book Translation Service - LF Studio\" \/>\n<meta property=\"og:description\" content=\"Book Translation Service Multilingual Book Translation Service LF Studio offers multilingual book translation service in more than 10 languages.Whether you need to translate book from English, Italian, German, Turkish and other languages, our team of certified native translators could help you. At LF Studio, translation services are carried out by the university-educated and certified native &hellip; Book Translation Service Read More &raquo;\" \/>\n<meta property=\"og:url\" content=\"https:\/\/lfstudio.al\/sq\/book-translation-service\/\" \/>\n<meta property=\"og:site_name\" content=\"LF Studio\" \/>\n<meta property=\"article:publisher\" content=\"https:\/\/www.facebook.com\/LF-Studio-104920954596871\/\" \/>\n<meta property=\"article:modified_time\" content=\"2023-11-09T10:56:28+00:00\" \/>\n<meta name=\"twitter:card\" content=\"summary_large_image\" \/>\n<meta name=\"twitter:label1\" content=\"Est. reading time\" \/>\n\t<meta name=\"twitter:data1\" content=\"1 minut\u00eb\" \/>\n<script type=\"application\/ld+json\" class=\"yoast-schema-graph\">{\"@context\":\"https:\/\/schema.org\",\"@graph\":[{\"@type\":\"WebPage\",\"@id\":\"https:\/\/lfstudio.al\/book-translation-service\/\",\"url\":\"https:\/\/lfstudio.al\/book-translation-service\/\",\"name\":\"Book Translation Service - LF Studio\",\"isPartOf\":{\"@id\":\"https:\/\/lfstudio.al\/#website\"},\"datePublished\":\"2023-09-14T16:30:05+00:00\",\"dateModified\":\"2023-11-09T10:56:28+00:00\",\"breadcrumb\":{\"@id\":\"https:\/\/lfstudio.al\/book-translation-service\/#breadcrumb\"},\"inLanguage\":\"sq\",\"potentialAction\":[{\"@type\":\"ReadAction\",\"target\":[\"https:\/\/lfstudio.al\/book-translation-service\/\"]}]},{\"@type\":\"BreadcrumbList\",\"@id\":\"https:\/\/lfstudio.al\/book-translation-service\/#breadcrumb\",\"itemListElement\":[{\"@type\":\"ListItem\",\"position\":1,\"name\":\"Home\",\"item\":\"https:\/\/lfstudio.al\/\"},{\"@type\":\"ListItem\",\"position\":2,\"name\":\"Book Translation Service\"}]},{\"@type\":\"WebSite\",\"@id\":\"https:\/\/lfstudio.al\/#website\",\"url\":\"https:\/\/lfstudio.al\/\",\"name\":\"LF Studio\",\"description\":\"Unlocking Global Connections, One Word at a Time\",\"publisher\":{\"@id\":\"https:\/\/lfstudio.al\/#organization\"},\"potentialAction\":[{\"@type\":\"SearchAction\",\"target\":{\"@type\":\"EntryPoint\",\"urlTemplate\":\"https:\/\/lfstudio.al\/?s={search_term_string}\"},\"query-input\":\"required name=search_term_string\"}],\"inLanguage\":\"sq\"},{\"@type\":\"Organization\",\"@id\":\"https:\/\/lfstudio.al\/#organization\",\"name\":\"LF Studio\",\"url\":\"https:\/\/lfstudio.al\/\",\"logo\":{\"@type\":\"ImageObject\",\"inLanguage\":\"sq\",\"@id\":\"https:\/\/lfstudio.al\/#\/schema\/logo\/image\/\",\"url\":\"https:\/\/lfstudio.al\/wp-content\/uploads\/2023\/09\/logo-1.png\",\"contentUrl\":\"https:\/\/lfstudio.al\/wp-content\/uploads\/2023\/09\/logo-1.png\",\"width\":3302,\"height\":2552,\"caption\":\"LF Studio\"},\"image\":{\"@id\":\"https:\/\/lfstudio.al\/#\/schema\/logo\/image\/\"},\"sameAs\":[\"https:\/\/www.facebook.com\/LF-Studio-104920954596871\/\",\"https:\/\/www.instagram.com\/l.fstudio\/\"]}]}<\/script>\n<!-- \/ Yoast SEO plugin. -->","yoast_head_json":{"title":"Book Translation Service - LF Studio","robots":{"index":"index","follow":"follow","max-snippet":"max-snippet:-1","max-image-preview":"max-image-preview:large","max-video-preview":"max-video-preview:-1"},"canonical":"https:\/\/lfstudio.al\/sq\/book-translation-service\/","og_locale":"sq_AL","og_type":"article","og_title":"Book Translation Service - LF Studio","og_description":"Book Translation Service Multilingual Book Translation Service LF Studio offers multilingual book translation service in more than 10 languages.Whether you need to translate book from English, Italian, German, Turkish and other languages, our team of certified native translators could help you. At LF Studio, translation services are carried out by the university-educated and certified native &hellip; Book Translation Service Read More &raquo;","og_url":"https:\/\/lfstudio.al\/sq\/book-translation-service\/","og_site_name":"LF Studio","article_publisher":"https:\/\/www.facebook.com\/LF-Studio-104920954596871\/","article_modified_time":"2023-11-09T10:56:28+00:00","twitter_card":"summary_large_image","twitter_misc":{"Est. reading time":"1 minut\u00eb"},"schema":{"@context":"https:\/\/schema.org","@graph":[{"@type":"WebPage","@id":"https:\/\/lfstudio.al\/book-translation-service\/","url":"https:\/\/lfstudio.al\/book-translation-service\/","name":"Book Translation Service - LF Studio","isPartOf":{"@id":"https:\/\/lfstudio.al\/#website"},"datePublished":"2023-09-14T16:30:05+00:00","dateModified":"2023-11-09T10:56:28+00:00","breadcrumb":{"@id":"https:\/\/lfstudio.al\/book-translation-service\/#breadcrumb"},"inLanguage":"sq","potentialAction":[{"@type":"ReadAction","target":["https:\/\/lfstudio.al\/book-translation-service\/"]}]},{"@type":"BreadcrumbList","@id":"https:\/\/lfstudio.al\/book-translation-service\/#breadcrumb","itemListElement":[{"@type":"ListItem","position":1,"name":"Home","item":"https:\/\/lfstudio.al\/"},{"@type":"ListItem","position":2,"name":"Book Translation Service"}]},{"@type":"WebSite","@id":"https:\/\/lfstudio.al\/#website","url":"https:\/\/lfstudio.al\/","name":"LF Studio","description":"Unlocking Global Connections, One Word at a Time","publisher":{"@id":"https:\/\/lfstudio.al\/#organization"},"potentialAction":[{"@type":"SearchAction","target":{"@type":"EntryPoint","urlTemplate":"https:\/\/lfstudio.al\/?s={search_term_string}"},"query-input":"required name=search_term_string"}],"inLanguage":"sq"},{"@type":"Organization","@id":"https:\/\/lfstudio.al\/#organization","name":"LF Studio","url":"https:\/\/lfstudio.al\/","logo":{"@type":"ImageObject","inLanguage":"sq","@id":"https:\/\/lfstudio.al\/#\/schema\/logo\/image\/","url":"https:\/\/lfstudio.al\/wp-content\/uploads\/2023\/09\/logo-1.png","contentUrl":"https:\/\/lfstudio.al\/wp-content\/uploads\/2023\/09\/logo-1.png","width":3302,"height":2552,"caption":"LF Studio"},"image":{"@id":"https:\/\/lfstudio.al\/#\/schema\/logo\/image\/"},"sameAs":["https:\/\/www.facebook.com\/LF-Studio-104920954596871\/","https:\/\/www.instagram.com\/l.fstudio\/"]}]}},"_links":{"self":[{"href":"https:\/\/lfstudio.al\/sq\/wp-json\/wp\/v2\/pages\/479"}],"collection":[{"href":"https:\/\/lfstudio.al\/sq\/wp-json\/wp\/v2\/pages"}],"about":[{"href":"https:\/\/lfstudio.al\/sq\/wp-json\/wp\/v2\/types\/page"}],"author":[{"embeddable":true,"href":"https:\/\/lfstudio.al\/sq\/wp-json\/wp\/v2\/users\/1"}],"replies":[{"embeddable":true,"href":"https:\/\/lfstudio.al\/sq\/wp-json\/wp\/v2\/comments?post=479"}],"version-history":[{"count":7,"href":"https:\/\/lfstudio.al\/sq\/wp-json\/wp\/v2\/pages\/479\/revisions"}],"predecessor-version":[{"id":1232,"href":"https:\/\/lfstudio.al\/sq\/wp-json\/wp\/v2\/pages\/479\/revisions\/1232"}],"wp:attachment":[{"href":"https:\/\/lfstudio.al\/sq\/wp-json\/wp\/v2\/media?parent=479"}],"curies":[{"name":"wp","href":"https:\/\/api.w.org\/{rel}","templated":true}]}}