{"id":459,"date":"2023-09-14T16:26:03","date_gmt":"2023-09-14T16:26:03","guid":{"rendered":"https:\/\/lfstudio.al\/?page_id=459"},"modified":"2023-11-09T10:56:10","modified_gmt":"2023-11-09T10:56:10","slug":"technical-translation-service","status":"publish","type":"page","link":"https:\/\/lfstudio.al\/sq\/technical-translation-service\/","title":{"rendered":"Sh\u00ebrbim p\u00ebrkthimi teknik"},"content":{"rendered":"<div data-elementor-type=\"wp-page\" data-elementor-id=\"459\" class=\"elementor elementor-459\" data-elementor-post-type=\"page\">\n\t\t\t\t\t\t\t\t\t<section class=\"elementor-section elementor-top-section elementor-element elementor-element-6267cef1 elementor-section-boxed elementor-section-height-default elementor-section-height-default\" data-id=\"6267cef1\" data-element_type=\"section\" data-settings=\"{&quot;background_background&quot;:&quot;classic&quot;}\">\n\t\t\t\t\t\t<div class=\"elementor-container elementor-column-gap-default\">\n\t\t\t\t\t<div class=\"elementor-column elementor-col-100 elementor-top-column elementor-element elementor-element-1f75961a\" data-id=\"1f75961a\" data-element_type=\"column\">\n\t\t\t<div class=\"elementor-widget-wrap elementor-element-populated\">\n\t\t\t\t\t\t\t\t<div class=\"elementor-element elementor-element-7bbc86d6 de_scroll_animation_no elementor-widget elementor-widget-heading\" data-id=\"7bbc86d6\" data-element_type=\"widget\" data-settings=\"{&quot;_animation&quot;:&quot;none&quot;}\" data-widget_type=\"heading.default\">\n\t\t\t\t<div class=\"elementor-widget-container\">\n\t\t\t<style>\/*! elementor - v3.18.0 - 20-12-2023 *\/\n.elementor-heading-title{padding:0;margin:0;line-height:1}.elementor-widget-heading .elementor-heading-title[class*=elementor-size-]>a{color:inherit;font-size:inherit;line-height:inherit}.elementor-widget-heading .elementor-heading-title.elementor-size-small{font-size:15px}.elementor-widget-heading .elementor-heading-title.elementor-size-medium{font-size:19px}.elementor-widget-heading .elementor-heading-title.elementor-size-large{font-size:29px}.elementor-widget-heading .elementor-heading-title.elementor-size-xl{font-size:39px}.elementor-widget-heading .elementor-heading-title.elementor-size-xxl{font-size:59px}<\/style><h1 class=\"elementor-heading-title elementor-size-default\">Sh\u00ebrbim p\u00ebrkthimi teknik\n<\/h1>\t\t<\/div>\n\t\t\t\t<\/div>\n\t\t\t\t\t<\/div>\n\t\t<\/div>\n\t\t\t\t\t\t\t<\/div>\n\t\t<\/section>\n\t\t\t\t<section class=\"elementor-section elementor-top-section elementor-element elementor-element-2728be8 elementor-reverse-mobile elementor-section-boxed elementor-section-height-default elementor-section-height-default\" data-id=\"2728be8\" data-element_type=\"section\" data-settings=\"{&quot;background_background&quot;:&quot;classic&quot;}\">\n\t\t\t\t\t\t<div class=\"elementor-container elementor-column-gap-default\">\n\t\t\t\t\t<div class=\"elementor-column elementor-col-100 elementor-top-column elementor-element elementor-element-6f34d492\" data-id=\"6f34d492\" data-element_type=\"column\">\n\t\t\t<div class=\"elementor-widget-wrap elementor-element-populated\">\n\t\t\t\t\t\t\t\t<div class=\"elementor-element elementor-element-610dafc9 de_scroll_animation_no elementor-widget elementor-widget-heading\" data-id=\"610dafc9\" data-element_type=\"widget\" data-settings=\"{&quot;_animation&quot;:&quot;none&quot;}\" data-widget_type=\"heading.default\">\n\t\t\t\t<div class=\"elementor-widget-container\">\n\t\t\t<h2 class=\"elementor-heading-title elementor-size-default\">Ekspert\u00ebt q\u00eb Kuptojn\u00eb Terminologjin\u00eb!\n\n<\/h2>\t\t<\/div>\n\t\t\t\t<\/div>\n\t\t\t\t<div class=\"elementor-element elementor-element-2eb060c1 de_scroll_animation_no elementor-widget elementor-widget-text-editor\" data-id=\"2eb060c1\" data-element_type=\"widget\" data-settings=\"{&quot;_animation&quot;:&quot;none&quot;}\" data-widget_type=\"text-editor.default\">\n\t\t\t\t<div class=\"elementor-widget-container\">\n\t\t\t<style>\/*! elementor - v3.18.0 - 20-12-2023 *\/\n.elementor-widget-text-editor.elementor-drop-cap-view-stacked .elementor-drop-cap{background-color:#69727d;color:#fff}.elementor-widget-text-editor.elementor-drop-cap-view-framed .elementor-drop-cap{color:#69727d;border:3px solid;background-color:transparent}.elementor-widget-text-editor:not(.elementor-drop-cap-view-default) .elementor-drop-cap{margin-top:8px}.elementor-widget-text-editor:not(.elementor-drop-cap-view-default) .elementor-drop-cap-letter{width:1em;height:1em}.elementor-widget-text-editor .elementor-drop-cap{float:left;text-align:center;line-height:1;font-size:50px}.elementor-widget-text-editor .elementor-drop-cap-letter{display:inline-block}<\/style>\t\t\t\t<p>Imagjinoni se \u00e7far\u00eb mund t\u00eb ndodh\u00eb n\u00ebse nj\u00eb dokument teknik, manual teknik p\u00ebr pajisje t\u00eb r\u00ebnda t\u00eb shtrenjta, ose manuale t\u00eb siguris\u00eb teknike p\u00ebrkthehen gabimisht. Edhe nj\u00eb gabim i vog\u00ebl mund t\u00eb jet\u00eb katastrofik, t\u00eb \u00e7oj\u00eb n\u00eb d\u00ebshtime sistematike, prishje t\u00eb pajisjeve, ose m\u00eb keq, t\u00eb v\u00ebr\u00eb n\u00eb rrezik jet\u00ebn e operator\u00ebve t\u00eb makinerive teknike ose t\u00eb r\u00ebnda. P\u00ebr k\u00ebt\u00eb arsye, k\u00ebrkoni nj\u00eb ofert\u00eb t\u00eb menj\u00ebhershme p\u00ebr t\u00eb marr\u00eb p\u00ebrkthimin profesional t\u00eb dokumenteve tuaja teknike nga p\u00ebrkthyes t\u00eb certifikuar. Ju thjesht nuk mund t\u00eb besoni p\u00ebrkthimin teknik askujt. Duhet t\u00eb siguroheni q\u00eb kur t\u00eb pun\u00ebsoni nj\u00eb p\u00ebrkthyes p\u00ebr p\u00ebrkthim t\u00eb r\u00ebnd\u00ebsish\u00ebm teknik, t\u00eb zgjidhni vet\u00ebm m\u00eb t\u00eb mir\u00ebt, dhe LF Studio \u00ebsht\u00eb 100% i p\u00ebrkushtuar p\u00ebr t\u00eb ofruar p\u00ebrkthime t\u00eb sakta dhe t\u00eb cil\u00ebsis\u00eb s\u00eb lart\u00eb, me sh\u00ebrbim p\u00ebrkthimi teknik dhe mb\u00ebshtetje 24\/7. P\u00ebrkthyesit tan\u00eb t\u00eb certifikuar dhe t\u00eb kualifikuar kan\u00eb diploma teknike n\u00eb fushat e tyre, si dhe njohuri t\u00eb shk\u00eblqyera n\u00eb gjuh\u00ebt e tyre, s\u00eb bashku me njohuri gjith\u00ebp\u00ebrfshir\u00ebse mbi fush\u00ebn dhe termat e v\u00ebshtir\u00eb teknik\u00eb ose \u2018zhargonin teknik\u2019 q\u00eb p\u00ebrdoret n\u00eb pothuajse t\u00eb gjitha dokumentet teknike. N\u00ebse keni nevoj\u00eb p\u00ebr p\u00ebrkthimin e nj\u00eb dokumenti teknik, kontaktoni LF Studio tani p\u00ebr nj\u00eb ofert\u00eb falas dhe shikoni se si mund t'ju ndihmojm\u00eb me t\u00eb gjitha nevojat tuaja p\u00ebr p\u00ebrkthim. Ne ofrojm\u00eb mb\u00ebshtetje globale 24\/7 dhe mund t\u00eb p\u00ebrkthejm\u00eb gjith\u00e7ka q\u00eb ju nevojitet p\u00ebr t\u00eb arritur audienc\u00ebn tuaj globale. N\u00eb ambientin modern t\u00eb biznesit, p\u00ebrkthimi i dokumenteve teknike po b\u00ebhet gjithnj\u00eb e m\u00eb i domosdosh\u00ebm p\u00ebr kompanit\u00eb q\u00eb d\u00ebshirojn\u00eb t\u00eb zgjerojn\u00eb prodhimin dhe shitjet n\u00eb nj\u00eb treg global. LF Studio \u00ebsht\u00eb gati t\u00eb p\u00ebrmbush\u00eb k\u00ebt\u00eb k\u00ebrkes\u00eb dhe ofron nj\u00eb larmi t\u00eb gjer\u00eb sh\u00ebrbimesh p\u00ebrkthimi teknik.<\/p>\t\t\t\t\t\t<\/div>\n\t\t\t\t<\/div>\n\t\t\t\t<div class=\"elementor-element elementor-element-da5d903 de_scroll_animation_no elementor-widget elementor-widget-heading\" data-id=\"da5d903\" data-element_type=\"widget\" data-settings=\"{&quot;_animation&quot;:&quot;none&quot;}\" data-widget_type=\"heading.default\">\n\t\t\t\t<div class=\"elementor-widget-container\">\n\t\t\t<h2 class=\"elementor-heading-title elementor-size-default\">Sh\u00ebrbimet e p\u00ebrkthimit teknik q\u00eb ofron LF Studio:\n\n<\/h2>\t\t<\/div>\n\t\t\t\t<\/div>\n\t\t\t\t<div class=\"elementor-element elementor-element-1dcff7a de_scroll_animation_no elementor-widget elementor-widget-text-editor\" data-id=\"1dcff7a\" data-element_type=\"widget\" data-settings=\"{&quot;_animation&quot;:&quot;none&quot;}\" data-widget_type=\"text-editor.default\">\n\t\t\t\t<div class=\"elementor-widget-container\">\n\t\t\t\t\t\t\t<ul type=\"square\"><li>Manuale operimi<\/li><li>Raporte teknike<\/li><li>Manuale t\u00eb siguris\u00eb<\/li><li>Propozime teknike<\/li><li>Studime gjeologjike<\/li><li>Dokumente patentash<\/li><li>Mining documents<\/li><li>Faqe interneti teknike<\/li><li>Specifikime inxhinierike<\/li><li>Artikuj shkencor\u00eb<\/li><li>Dokumente mjek\u00ebsore<\/li><li>Dokumente farmaceutike<\/li><li>Dhe shum\u00eb m\u00eb tep\u00ebr<\/li><\/ul>\t\t\t\t\t\t<\/div>\n\t\t\t\t<\/div>\n\t\t\t\t<div class=\"elementor-element elementor-element-5799f5d de_scroll_animation_no elementor-widget elementor-widget-heading\" data-id=\"5799f5d\" data-element_type=\"widget\" data-settings=\"{&quot;_animation&quot;:&quot;none&quot;}\" data-widget_type=\"heading.default\">\n\t\t\t\t<div class=\"elementor-widget-container\">\n\t\t\t<h2 class=\"elementor-heading-title elementor-size-default\">Pse sh\u00ebrbimi yn\u00eb i p\u00ebrkthimit teknik \u00ebsht\u00eb m\u00eb i miri n\u00eb industri:\n\n<\/h2>\t\t<\/div>\n\t\t\t\t<\/div>\n\t\t\t\t<div class=\"elementor-element elementor-element-4084f00 de_scroll_animation_no elementor-widget elementor-widget-text-editor\" data-id=\"4084f00\" data-element_type=\"widget\" data-settings=\"{&quot;_animation&quot;:&quot;none&quot;}\" data-widget_type=\"text-editor.default\">\n\t\t\t\t<div class=\"elementor-widget-container\">\n\t\t\t\t\t\t\t<p>Kushdo mund t\u00eb p\u00ebrkthej\u00eb nj\u00eb dokument teknik ose manual sh\u00ebrbimi, por ka shum\u00eb m\u00eb tep\u00ebr sesa vet\u00ebm p\u00ebrkthimi kur b\u00ebhet fjal\u00eb p\u00ebr k\u00ebto lloj materialesh. Pjesa m\u00eb e madhe e dokumenteve teknike p\u00ebrfshin nj\u00eb sasi t\u00eb madhe \u2018zhargoni teknik\u2019 q\u00eb p\u00ebrkthyesit e zakonsh\u00ebm nuk do ta kuptojn\u00eb. Ky zhargon teknik mund t\u00eb interpretohet gabimisht n\u00ebse p\u00ebrkthyesi nuk e kupton, gj\u00eb q\u00eb do t\u00eb \u00e7oj\u00eb n\u00eb gabime q\u00eb mund t\u00eb ken\u00eb pasoja t\u00eb d\u00ebmshme. **LF Studio** p\u00ebrputh ekspert\u00ebt tan\u00eb t\u00eb kualifikuar dhe t\u00eb certifikuar shkencor\u00eb dhe teknik\u00eb p\u00ebr t\u00eb siguruar q\u00eb p\u00ebrkthimet teknike t\u00eb jen\u00eb 100% t\u00eb sakta. K\u00ebto dokumente m\u00eb pas kontrollohen dy her\u00eb p\u00ebr t\u00eb garantuar sakt\u00ebsin\u00eb. Ne mund t\u00eb trajtojm\u00eb dokumente n\u00eb nj\u00eb s\u00ebr\u00eb formatesh dhe ofrojm\u00eb sh\u00ebrbime p\u00ebrkthimi teknik n\u00eb gjuh\u00ebt m\u00eb t\u00eb rralla p\u00ebr t\u00eb ndihmuar organizat\u00ebn tuaj t\u00eb b\u00ebhet globale n\u00eb kuptimin e v\u00ebrtet\u00eb t\u00eb fjal\u00ebs. N\u00ebse ju duhet nj\u00eb p\u00ebrkthim me sakt\u00ebsi t\u00eb lart\u00eb dhe dor\u00ebzuar n\u00eb koh\u00eb, besoni ekipin ton\u00eb t\u00eb p\u00ebrkthimit teknik p\u00ebr t'ju ofruar vet\u00ebm m\u00eb t\u00eb mir\u00ebn! Kontaktoni LF Studio tani p\u00ebr nj\u00eb ofert\u00eb falas dhe shikoni se si mund t'ju ndihmojm\u00eb me t\u00eb gjitha nevojat tuaja p\u00ebr p\u00ebrkthim.<\/p>\t\t\t\t\t\t<\/div>\n\t\t\t\t<\/div>\n\t\t\t\t<div class=\"elementor-element elementor-element-7550218 de_scroll_animation_no elementor-widget elementor-widget-button\" data-id=\"7550218\" data-element_type=\"widget\" data-widget_type=\"button.default\">\n\t\t\t\t<div class=\"elementor-widget-container\">\n\t\t\t\t\t<div class=\"elementor-button-wrapper\">\n\t\t\t<a class=\"elementor-button elementor-button-link elementor-size-sm\" href=\"https:\/\/lfstudio.al\/sq\/get-a-quote\/\">\n\t\t\t\t\t\t<span class=\"elementor-button-content-wrapper\">\n\t\t\t\t\t\t<span class=\"elementor-button-text\">Merrni nj\u00eb ofert\u00eb falas tani<\/span>\n\t\t<\/span>\n\t\t\t\t\t<\/a>\n\t\t<\/div>\n\t\t\t\t<\/div>\n\t\t\t\t<\/div>\n\t\t\t\t\t<\/div>\n\t\t<\/div>\n\t\t\t\t\t\t\t<\/div>\n\t\t<\/section>\n\t\t\t\t<section class=\"elementor-section elementor-top-section elementor-element elementor-element-4f69c032 elementor-section-boxed elementor-section-height-default elementor-section-height-default\" data-id=\"4f69c032\" data-element_type=\"section\">\n\t\t\t\t\t\t<div class=\"elementor-container elementor-column-gap-default\">\n\t\t\t\t\t<div class=\"elementor-column elementor-col-100 elementor-top-column elementor-element elementor-element-713f7cff\" data-id=\"713f7cff\" data-element_type=\"column\">\n\t\t\t<div class=\"elementor-widget-wrap elementor-element-populated\">\n\t\t\t\t\t\t\t\t<div class=\"elementor-element elementor-element-5e494953 elementor-widget-divider--view-line de_scroll_animation_no elementor-invisible elementor-widget elementor-widget-divider\" data-id=\"5e494953\" data-element_type=\"widget\" data-settings=\"{&quot;_animation&quot;:&quot;fadeIn&quot;}\" data-widget_type=\"divider.default\">\n\t\t\t\t<div class=\"elementor-widget-container\">\n\t\t\t<style>\/*! elementor - v3.18.0 - 20-12-2023 *\/\n.elementor-widget-divider{--divider-border-style:none;--divider-border-width:1px;--divider-color:#0c0d0e;--divider-icon-size:20px;--divider-element-spacing:10px;--divider-pattern-height:24px;--divider-pattern-size:20px;--divider-pattern-url:none;--divider-pattern-repeat:repeat-x}.elementor-widget-divider .elementor-divider{display:flex}.elementor-widget-divider .elementor-divider__text{font-size:15px;line-height:1;max-width:95%}.elementor-widget-divider .elementor-divider__element{margin:0 var(--divider-element-spacing);flex-shrink:0}.elementor-widget-divider .elementor-icon{font-size:var(--divider-icon-size)}.elementor-widget-divider .elementor-divider-separator{display:flex;margin:0;direction:ltr}.elementor-widget-divider--view-line_icon .elementor-divider-separator,.elementor-widget-divider--view-line_text .elementor-divider-separator{align-items:center}.elementor-widget-divider--view-line_icon .elementor-divider-separator:after,.elementor-widget-divider--view-line_icon .elementor-divider-separator:before,.elementor-widget-divider--view-line_text .elementor-divider-separator:after,.elementor-widget-divider--view-line_text .elementor-divider-separator:before{display:block;content:\"\";border-bottom:0;flex-grow:1;border-top:var(--divider-border-width) var(--divider-border-style) var(--divider-color)}.elementor-widget-divider--element-align-left .elementor-divider .elementor-divider-separator>.elementor-divider__svg:first-of-type{flex-grow:0;flex-shrink:100}.elementor-widget-divider--element-align-left .elementor-divider-separator:before{content:none}.elementor-widget-divider--element-align-left .elementor-divider__element{margin-left:0}.elementor-widget-divider--element-align-right .elementor-divider .elementor-divider-separator>.elementor-divider__svg:last-of-type{flex-grow:0;flex-shrink:100}.elementor-widget-divider--element-align-right .elementor-divider-separator:after{content:none}.elementor-widget-divider--element-align-right .elementor-divider__element{margin-right:0}.elementor-widget-divider:not(.elementor-widget-divider--view-line_text):not(.elementor-widget-divider--view-line_icon) .elementor-divider-separator{border-top:var(--divider-border-width) var(--divider-border-style) var(--divider-color)}.elementor-widget-divider--separator-type-pattern{--divider-border-style:none}.elementor-widget-divider--separator-type-pattern.elementor-widget-divider--view-line .elementor-divider-separator,.elementor-widget-divider--separator-type-pattern:not(.elementor-widget-divider--view-line) .elementor-divider-separator:after,.elementor-widget-divider--separator-type-pattern:not(.elementor-widget-divider--view-line) .elementor-divider-separator:before,.elementor-widget-divider--separator-type-pattern:not([class*=elementor-widget-divider--view]) .elementor-divider-separator{width:100%;min-height:var(--divider-pattern-height);-webkit-mask-size:var(--divider-pattern-size) 100%;mask-size:var(--divider-pattern-size) 100%;-webkit-mask-repeat:var(--divider-pattern-repeat);mask-repeat:var(--divider-pattern-repeat);background-color:var(--divider-color);-webkit-mask-image:var(--divider-pattern-url);mask-image:var(--divider-pattern-url)}.elementor-widget-divider--no-spacing{--divider-pattern-size:auto}.elementor-widget-divider--bg-round{--divider-pattern-repeat:round}.rtl .elementor-widget-divider .elementor-divider__text{direction:rtl}.e-con-inner>.elementor-widget-divider,.e-con>.elementor-widget-divider{width:var(--container-widget-width,100%);--flex-grow:var(--container-widget-flex-grow)}<\/style>\t\t<div class=\"elementor-divider\">\n\t\t\t<span class=\"elementor-divider-separator\">\n\t\t\t\t\t\t<\/span>\n\t\t<\/div>\n\t\t\t\t<\/div>\n\t\t\t\t<\/div>\n\t\t\t\t\t<\/div>\n\t\t<\/div>\n\t\t\t\t\t\t\t<\/div>\n\t\t<\/section>\n\t\t\t\t\t\t\t<\/div>","protected":false},"excerpt":{"rendered":"<p>Technical Translation Service Experts Who Understand The Lingo! Imagine what could happen if a technical document, technical manual for expensive heavy equipment, or technical safety manuals were incorrectly translated. Even just a tiny mistake could be catastrophic and lead to system failures, equipment breakdown, or even worse, put the lives of operators of technical or &hellip;<\/p>\n<p class=\"read-more\"> <a class=\"\" href=\"https:\/\/lfstudio.al\/sq\/technical-translation-service\/\"> <span class=\"screen-reader-text\">Sh\u00ebrbim p\u00ebrkthimi teknik<\/span> Read More &raquo;<\/a><\/p>","protected":false},"author":1,"featured_media":0,"parent":0,"menu_order":0,"comment_status":"closed","ping_status":"closed","template":"elementor_header_footer","meta":{"site-sidebar-layout":"no-sidebar","site-content-layout":"","ast-site-content-layout":"full-width-container","site-content-style":"default","site-sidebar-style":"default","ast-global-header-display":"","ast-banner-title-visibility":"","ast-main-header-display":"","ast-hfb-above-header-display":"","ast-hfb-below-header-display":"","ast-hfb-mobile-header-display":"","site-post-title":"disabled","ast-breadcrumbs-content":"","ast-featured-img":"disabled","footer-sml-layout":"","theme-transparent-header-meta":"default","adv-header-id-meta":"","stick-header-meta":"","header-above-stick-meta":"","header-main-stick-meta":"","header-below-stick-meta":"","astra-migrate-meta-layouts":"set","ast-page-background-enabled":"default","ast-page-background-meta":{"desktop":{"background-color":"var(--ast-global-color-4)","background-image":"","background-repeat":"repeat","background-position":"center center","background-size":"auto","background-attachment":"scroll","background-type":"","background-media":"","overlay-type":"","overlay-color":"","overlay-gradient":""},"tablet":{"background-color":"","background-image":"","background-repeat":"repeat","background-position":"center center","background-size":"auto","background-attachment":"scroll","background-type":"","background-media":"","overlay-type":"","overlay-color":"","overlay-gradient":""},"mobile":{"background-color":"","background-image":"","background-repeat":"repeat","background-position":"center center","background-size":"auto","background-attachment":"scroll","background-type":"","background-media":"","overlay-type":"","overlay-color":"","overlay-gradient":""}},"ast-content-background-meta":{"desktop":{"background-color":"var(--ast-global-color-5)","background-image":"","background-repeat":"repeat","background-position":"center center","background-size":"auto","background-attachment":"scroll","background-type":"","background-media":"","overlay-type":"","overlay-color":"","overlay-gradient":""},"tablet":{"background-color":"var(--ast-global-color-5)","background-image":"","background-repeat":"repeat","background-position":"center center","background-size":"auto","background-attachment":"scroll","background-type":"","background-media":"","overlay-type":"","overlay-color":"","overlay-gradient":""},"mobile":{"background-color":"var(--ast-global-color-5)","background-image":"","background-repeat":"repeat","background-position":"center center","background-size":"auto","background-attachment":"scroll","background-type":"","background-media":"","overlay-type":"","overlay-color":"","overlay-gradient":""}},"footnotes":""},"yoast_head":"<!-- This site is optimized with the Yoast SEO plugin v23.0 - https:\/\/yoast.com\/wordpress\/plugins\/seo\/ -->\n<title>Technical Translation Service - LF Studio<\/title>\n<meta name=\"robots\" content=\"index, follow, max-snippet:-1, max-image-preview:large, max-video-preview:-1\" \/>\n<link rel=\"canonical\" href=\"https:\/\/lfstudio.al\/sq\/technical-translation-service\/\" \/>\n<meta property=\"og:locale\" content=\"sq_AL\" \/>\n<meta property=\"og:type\" content=\"article\" \/>\n<meta property=\"og:title\" content=\"Technical Translation Service - LF Studio\" \/>\n<meta property=\"og:description\" content=\"Technical Translation Service Experts Who Understand The Lingo! Imagine what could happen if a technical document, technical manual for expensive heavy equipment, or technical safety manuals were incorrectly translated. Even just a tiny mistake could be catastrophic and lead to system failures, equipment breakdown, or even worse, put the lives of operators of technical or &hellip; Technical Translation Service Read More &raquo;\" \/>\n<meta property=\"og:url\" content=\"https:\/\/lfstudio.al\/sq\/technical-translation-service\/\" \/>\n<meta property=\"og:site_name\" content=\"LF Studio\" \/>\n<meta property=\"article:publisher\" content=\"https:\/\/www.facebook.com\/LF-Studio-104920954596871\/\" \/>\n<meta property=\"article:modified_time\" content=\"2023-11-09T10:56:10+00:00\" \/>\n<meta name=\"twitter:card\" content=\"summary_large_image\" \/>\n<script type=\"application\/ld+json\" class=\"yoast-schema-graph\">{\"@context\":\"https:\/\/schema.org\",\"@graph\":[{\"@type\":\"WebPage\",\"@id\":\"https:\/\/lfstudio.al\/technical-translation-service\/\",\"url\":\"https:\/\/lfstudio.al\/technical-translation-service\/\",\"name\":\"Technical Translation Service - LF Studio\",\"isPartOf\":{\"@id\":\"https:\/\/lfstudio.al\/#website\"},\"datePublished\":\"2023-09-14T16:26:03+00:00\",\"dateModified\":\"2023-11-09T10:56:10+00:00\",\"breadcrumb\":{\"@id\":\"https:\/\/lfstudio.al\/technical-translation-service\/#breadcrumb\"},\"inLanguage\":\"sq\",\"potentialAction\":[{\"@type\":\"ReadAction\",\"target\":[\"https:\/\/lfstudio.al\/technical-translation-service\/\"]}]},{\"@type\":\"BreadcrumbList\",\"@id\":\"https:\/\/lfstudio.al\/technical-translation-service\/#breadcrumb\",\"itemListElement\":[{\"@type\":\"ListItem\",\"position\":1,\"name\":\"Home\",\"item\":\"https:\/\/lfstudio.al\/\"},{\"@type\":\"ListItem\",\"position\":2,\"name\":\"Technical Translation Service\"}]},{\"@type\":\"WebSite\",\"@id\":\"https:\/\/lfstudio.al\/#website\",\"url\":\"https:\/\/lfstudio.al\/\",\"name\":\"LF Studio\",\"description\":\"Unlocking Global Connections, One Word at a Time\",\"publisher\":{\"@id\":\"https:\/\/lfstudio.al\/#organization\"},\"potentialAction\":[{\"@type\":\"SearchAction\",\"target\":{\"@type\":\"EntryPoint\",\"urlTemplate\":\"https:\/\/lfstudio.al\/?s={search_term_string}\"},\"query-input\":\"required name=search_term_string\"}],\"inLanguage\":\"sq\"},{\"@type\":\"Organization\",\"@id\":\"https:\/\/lfstudio.al\/#organization\",\"name\":\"LF Studio\",\"url\":\"https:\/\/lfstudio.al\/\",\"logo\":{\"@type\":\"ImageObject\",\"inLanguage\":\"sq\",\"@id\":\"https:\/\/lfstudio.al\/#\/schema\/logo\/image\/\",\"url\":\"https:\/\/lfstudio.al\/wp-content\/uploads\/2023\/09\/logo-1.png\",\"contentUrl\":\"https:\/\/lfstudio.al\/wp-content\/uploads\/2023\/09\/logo-1.png\",\"width\":3302,\"height\":2552,\"caption\":\"LF Studio\"},\"image\":{\"@id\":\"https:\/\/lfstudio.al\/#\/schema\/logo\/image\/\"},\"sameAs\":[\"https:\/\/www.facebook.com\/LF-Studio-104920954596871\/\",\"https:\/\/www.instagram.com\/l.fstudio\/\"]}]}<\/script>\n<!-- \/ Yoast SEO plugin. -->","yoast_head_json":{"title":"Technical Translation Service - LF Studio","robots":{"index":"index","follow":"follow","max-snippet":"max-snippet:-1","max-image-preview":"max-image-preview:large","max-video-preview":"max-video-preview:-1"},"canonical":"https:\/\/lfstudio.al\/sq\/technical-translation-service\/","og_locale":"sq_AL","og_type":"article","og_title":"Technical Translation Service - LF Studio","og_description":"Technical Translation Service Experts Who Understand The Lingo! Imagine what could happen if a technical document, technical manual for expensive heavy equipment, or technical safety manuals were incorrectly translated. Even just a tiny mistake could be catastrophic and lead to system failures, equipment breakdown, or even worse, put the lives of operators of technical or &hellip; Technical Translation Service Read More &raquo;","og_url":"https:\/\/lfstudio.al\/sq\/technical-translation-service\/","og_site_name":"LF Studio","article_publisher":"https:\/\/www.facebook.com\/LF-Studio-104920954596871\/","article_modified_time":"2023-11-09T10:56:10+00:00","twitter_card":"summary_large_image","schema":{"@context":"https:\/\/schema.org","@graph":[{"@type":"WebPage","@id":"https:\/\/lfstudio.al\/technical-translation-service\/","url":"https:\/\/lfstudio.al\/technical-translation-service\/","name":"Technical Translation Service - LF Studio","isPartOf":{"@id":"https:\/\/lfstudio.al\/#website"},"datePublished":"2023-09-14T16:26:03+00:00","dateModified":"2023-11-09T10:56:10+00:00","breadcrumb":{"@id":"https:\/\/lfstudio.al\/technical-translation-service\/#breadcrumb"},"inLanguage":"sq","potentialAction":[{"@type":"ReadAction","target":["https:\/\/lfstudio.al\/technical-translation-service\/"]}]},{"@type":"BreadcrumbList","@id":"https:\/\/lfstudio.al\/technical-translation-service\/#breadcrumb","itemListElement":[{"@type":"ListItem","position":1,"name":"Home","item":"https:\/\/lfstudio.al\/"},{"@type":"ListItem","position":2,"name":"Technical Translation Service"}]},{"@type":"WebSite","@id":"https:\/\/lfstudio.al\/#website","url":"https:\/\/lfstudio.al\/","name":"LF Studio","description":"Unlocking Global Connections, One Word at a Time","publisher":{"@id":"https:\/\/lfstudio.al\/#organization"},"potentialAction":[{"@type":"SearchAction","target":{"@type":"EntryPoint","urlTemplate":"https:\/\/lfstudio.al\/?s={search_term_string}"},"query-input":"required name=search_term_string"}],"inLanguage":"sq"},{"@type":"Organization","@id":"https:\/\/lfstudio.al\/#organization","name":"LF Studio","url":"https:\/\/lfstudio.al\/","logo":{"@type":"ImageObject","inLanguage":"sq","@id":"https:\/\/lfstudio.al\/#\/schema\/logo\/image\/","url":"https:\/\/lfstudio.al\/wp-content\/uploads\/2023\/09\/logo-1.png","contentUrl":"https:\/\/lfstudio.al\/wp-content\/uploads\/2023\/09\/logo-1.png","width":3302,"height":2552,"caption":"LF Studio"},"image":{"@id":"https:\/\/lfstudio.al\/#\/schema\/logo\/image\/"},"sameAs":["https:\/\/www.facebook.com\/LF-Studio-104920954596871\/","https:\/\/www.instagram.com\/l.fstudio\/"]}]}},"_links":{"self":[{"href":"https:\/\/lfstudio.al\/sq\/wp-json\/wp\/v2\/pages\/459"}],"collection":[{"href":"https:\/\/lfstudio.al\/sq\/wp-json\/wp\/v2\/pages"}],"about":[{"href":"https:\/\/lfstudio.al\/sq\/wp-json\/wp\/v2\/types\/page"}],"author":[{"embeddable":true,"href":"https:\/\/lfstudio.al\/sq\/wp-json\/wp\/v2\/users\/1"}],"replies":[{"embeddable":true,"href":"https:\/\/lfstudio.al\/sq\/wp-json\/wp\/v2\/comments?post=459"}],"version-history":[{"count":7,"href":"https:\/\/lfstudio.al\/sq\/wp-json\/wp\/v2\/pages\/459\/revisions"}],"predecessor-version":[{"id":1220,"href":"https:\/\/lfstudio.al\/sq\/wp-json\/wp\/v2\/pages\/459\/revisions\/1220"}],"wp:attachment":[{"href":"https:\/\/lfstudio.al\/sq\/wp-json\/wp\/v2\/media?parent=459"}],"curies":[{"name":"wp","href":"https:\/\/api.w.org\/{rel}","templated":true}]}}