{"id":453,"date":"2023-09-14T16:12:42","date_gmt":"2023-09-14T16:12:42","guid":{"rendered":"https:\/\/lfstudio.al\/?page_id=453"},"modified":"2023-11-09T10:56:06","modified_gmt":"2023-11-09T10:56:06","slug":"legal-translation-service","status":"publish","type":"page","link":"https:\/\/lfstudio.al\/sq\/legal-translation-service\/","title":{"rendered":"P\u00ebrkthime"},"content":{"rendered":"<div data-elementor-type=\"wp-page\" data-elementor-id=\"453\" class=\"elementor elementor-453\" data-elementor-post-type=\"page\">\n\t\t\t\t\t\t\t\t\t<section class=\"elementor-section elementor-top-section elementor-element elementor-element-6267cef1 elementor-section-boxed elementor-section-height-default elementor-section-height-default\" data-id=\"6267cef1\" data-element_type=\"section\" data-settings=\"{&quot;background_background&quot;:&quot;classic&quot;}\">\n\t\t\t\t\t\t<div class=\"elementor-container elementor-column-gap-default\">\n\t\t\t\t\t<div class=\"elementor-column elementor-col-100 elementor-top-column elementor-element elementor-element-1f75961a\" data-id=\"1f75961a\" data-element_type=\"column\">\n\t\t\t<div class=\"elementor-widget-wrap elementor-element-populated\">\n\t\t\t\t\t\t\t\t<div class=\"elementor-element elementor-element-7bbc86d6 de_scroll_animation_no elementor-widget elementor-widget-heading\" data-id=\"7bbc86d6\" data-element_type=\"widget\" data-settings=\"{&quot;_animation&quot;:&quot;none&quot;}\" data-widget_type=\"heading.default\">\n\t\t\t\t<div class=\"elementor-widget-container\">\n\t\t\t<style>\/*! elementor - v3.18.0 - 20-12-2023 *\/\n.elementor-heading-title{padding:0;margin:0;line-height:1}.elementor-widget-heading .elementor-heading-title[class*=elementor-size-]>a{color:inherit;font-size:inherit;line-height:inherit}.elementor-widget-heading .elementor-heading-title.elementor-size-small{font-size:15px}.elementor-widget-heading .elementor-heading-title.elementor-size-medium{font-size:19px}.elementor-widget-heading .elementor-heading-title.elementor-size-large{font-size:29px}.elementor-widget-heading .elementor-heading-title.elementor-size-xl{font-size:39px}.elementor-widget-heading .elementor-heading-title.elementor-size-xxl{font-size:59px}<\/style><h1 class=\"elementor-heading-title elementor-size-default\">P\u00ebrkthime\n<\/h1>\t\t<\/div>\n\t\t\t\t<\/div>\n\t\t\t\t\t<\/div>\n\t\t<\/div>\n\t\t\t\t\t\t\t<\/div>\n\t\t<\/section>\n\t\t\t\t<section class=\"elementor-section elementor-top-section elementor-element elementor-element-2728be8 elementor-reverse-mobile elementor-section-boxed elementor-section-height-default elementor-section-height-default\" data-id=\"2728be8\" data-element_type=\"section\" data-settings=\"{&quot;background_background&quot;:&quot;classic&quot;}\">\n\t\t\t\t\t\t<div class=\"elementor-container elementor-column-gap-default\">\n\t\t\t\t\t<div class=\"elementor-column elementor-col-100 elementor-top-column elementor-element elementor-element-6f34d492\" data-id=\"6f34d492\" data-element_type=\"column\">\n\t\t\t<div class=\"elementor-widget-wrap elementor-element-populated\">\n\t\t\t\t\t\t\t\t<div class=\"elementor-element elementor-element-610dafc9 de_scroll_animation_no elementor-widget elementor-widget-heading\" data-id=\"610dafc9\" data-element_type=\"widget\" data-settings=\"{&quot;_animation&quot;:&quot;none&quot;}\" data-widget_type=\"heading.default\">\n\t\t\t\t<div class=\"elementor-widget-container\">\n\t\t\t<h2 class=\"elementor-heading-title elementor-size-default\">Sakt\u00ebsia e Lart\u00eb \u00cbsht\u00eb e R\u00ebnd\u00ebsishme\n\n<\/h2>\t\t<\/div>\n\t\t\t\t<\/div>\n\t\t\t\t<div class=\"elementor-element elementor-element-2eb060c1 de_scroll_animation_no elementor-widget elementor-widget-text-editor\" data-id=\"2eb060c1\" data-element_type=\"widget\" data-settings=\"{&quot;_animation&quot;:&quot;none&quot;}\" data-widget_type=\"text-editor.default\">\n\t\t\t\t<div class=\"elementor-widget-container\">\n\t\t\t<style>\/*! elementor - v3.18.0 - 20-12-2023 *\/\n.elementor-widget-text-editor.elementor-drop-cap-view-stacked .elementor-drop-cap{background-color:#69727d;color:#fff}.elementor-widget-text-editor.elementor-drop-cap-view-framed .elementor-drop-cap{color:#69727d;border:3px solid;background-color:transparent}.elementor-widget-text-editor:not(.elementor-drop-cap-view-default) .elementor-drop-cap{margin-top:8px}.elementor-widget-text-editor:not(.elementor-drop-cap-view-default) .elementor-drop-cap-letter{width:1em;height:1em}.elementor-widget-text-editor .elementor-drop-cap{float:left;text-align:center;line-height:1;font-size:50px}.elementor-widget-text-editor .elementor-drop-cap-letter{display:inline-block}<\/style>\t\t\t\t<p>Kur b\u00ebhet fjal\u00eb p\u00ebr p\u00ebrkthimin e dokumenteve ligjore, ju nevojitet nj\u00eb sh\u00ebrbim p\u00ebrkthimi q\u00eb nuk b\u00ebn gabime. P\u00ebr shkak t\u00eb natyr\u00ebs s\u00eb ndjeshme t\u00eb ligjit dhe m\u00ebnyr\u00ebs se si shkruhet ai, nj\u00eb gabim i vet\u00ebm mund t\u00eb krijoj\u00eb nj\u00eb boshll\u00ebk (loophole) n\u00eb dokumentin ligjor, duke lejuar shmangien e rregullave ose rregulloreve. Kjo mund t\u00eb \u00e7oj\u00eb n\u00eb d\u00ebshtimin e plot\u00eb t\u00eb dokumentit ligjor, q\u00eb mund t\u00eb ket\u00eb pasoja katastrofike. P\u00ebrkthimi i dokumenteve ligjore nuk rekomandohet t\u00eb b\u00ebhet nga makinerit\u00eb ose softuer\u00ebt p\u00ebrkthimi, pasi asnj\u00eb program nuk mund t\u00eb ofroj\u00eb sakt\u00ebsi 100%. K\u00ebrkohet domosdoshm\u00ebrisht nj\u00eb p\u00ebrkthyes profesionist dhe i certifikuar p\u00ebr t\u00eb siguruar p\u00ebrkthimin pa gabime. N\u00ebse keni nevoj\u00eb p\u00ebr sh\u00ebrbime p\u00ebrkthimi ligjor p\u00ebr nj\u00eb dokument t\u00eb r\u00ebnd\u00ebsish\u00ebm, kontaktoni LF Studio p\u00ebr t\u00eb marr\u00eb nj\u00eb vler\u00ebsim t\u00eb sakt\u00eb dhe pa pages\u00eb p\u00ebr p\u00ebrfundimin e pun\u00ebs sa m\u00eb shpejt q\u00eb ju nevojitet. Ne ofrojm\u00eb mb\u00ebshtetje globale 24\/7 dhe \u00e7mime konkurruese.<\/p>\t\t\t\t\t\t<\/div>\n\t\t\t\t<\/div>\n\t\t\t\t<div class=\"elementor-element elementor-element-da5d903 de_scroll_animation_no elementor-widget elementor-widget-heading\" data-id=\"da5d903\" data-element_type=\"widget\" data-settings=\"{&quot;_animation&quot;:&quot;none&quot;}\" data-widget_type=\"heading.default\">\n\t\t\t\t<div class=\"elementor-widget-container\">\n\t\t\t<h2 class=\"elementor-heading-title elementor-size-default\">Ne jemi ekspert\u00eb n\u00eb Sh\u00ebrbimin e P\u00ebrkthimit t\u00eb Dokumenteve Ligjore<\/h2>\t\t<\/div>\n\t\t\t\t<\/div>\n\t\t\t\t<div class=\"elementor-element elementor-element-1dcff7a de_scroll_animation_no elementor-widget elementor-widget-text-editor\" data-id=\"1dcff7a\" data-element_type=\"widget\" data-settings=\"{&quot;_animation&quot;:&quot;none&quot;}\" data-widget_type=\"text-editor.default\">\n\t\t\t\t<div class=\"elementor-widget-container\">\n\t\t\t\t\t\t\t<p>Gjith\u00e7ka fillon me t\u00eb kuptuarin se kush \u00ebsht\u00eb duke kryer p\u00ebrkthimin dhe pse jemi t\u00eb mir\u00eb n\u00eb at\u00eb q\u00eb b\u00ebjm\u00eb. Kur p\u00ebrkthehen dokumente ligjore, gabimet nuk jan\u00eb t\u00eb lejueshme. P\u00ebr ekipin ton\u00eb t\u00eb certifikuar t\u00eb p\u00ebrkthyesve, p\u00ebrkthimi i dokumenteve ligjore nuk \u00ebsht\u00eb i v\u00ebshtir\u00eb. P\u00ebrkthyesi i betuar mbik\u00ebqyr t\u00eb gjith\u00eb procesin. \u00c7do detyr\u00eb i caktohet p\u00ebrkthyesit t\u00eb certifikuar p\u00ebr t\u00eb dyja gjuh\u00ebt, si p\u00ebr shembull shqip n\u00eb anglisht ose anasjelltas, dhe ai \u00ebsht\u00eb gjithashtu i certifikuar n\u00eb fush\u00ebn e dokumenteve ligjore. P\u00ebrkthyesi juaj i certifikuar do t\u00eb jet\u00eb n\u00eb kontakt t\u00eb vazhduesh\u00ebm me ju p\u00ebr \u00e7do pyetje q\u00eb mund t\u00eb keni gjat\u00eb procesit, dhe p\u00ebr t\u2019ju ofruar mb\u00ebshtetje t\u00eb vazhdueshme. Kjo \u00ebsht\u00eb arsyeja pse ne jemi nd\u00ebr m\u00eb t\u00eb mir\u00ebt n\u00eb fush\u00ebn e p\u00ebrkthimit. LF Studio ka aft\u00ebsin\u00eb t\u00eb p\u00ebrballoj\u00eb nj\u00eb volum t\u00eb lart\u00eb dokumentesh ligjore formale n\u00eb fusha t\u00eb ndryshme t\u00eb ligjit q\u00eb k\u00ebrkojn\u00eb njohuri ekspert\u00ebsh. Ne ofrojm\u00eb p\u00ebrkthime t\u00eb sakta dhe cil\u00ebsore n\u00eb \u00e7do gjuh\u00eb t\u00eb huaj q\u00eb ju nevojitet, dhe ofrojm\u00eb sh\u00ebrbime p\u00ebrkthimi t\u00eb dokumenteve ligjore si:<\/p><ul type=\"square\"><li>Kontrata<\/li><li>Deklarata<\/li><li>Letrat Ligjore<\/li><li>K\u00ebrkesa<\/li><li>Vendime Gjykatash<\/li><li>Dokumente Prove, etj.<\/li><\/ul><p>Ne gjithashtu trajtojm\u00eb p\u00ebrkthimin e dokumenteve si: marr\u00ebveshje, flet\u00ebthirrje, dokumente gjyq\u00ebsore, prova audio, ose dokumente t\u00eb tjera me natyr\u00eb ligjore. Ne kemi nj\u00eb kuptim praktik t\u00eb sistemeve ligjore vendase n\u00eb vende t\u00eb ndryshme dhe e referojm\u00eb k\u00ebt\u00eb njohuri gjat\u00eb p\u00ebrkthimit t\u00eb dokumenteve.<\/p><p>\u00a0<\/p>\t\t\t\t\t\t<\/div>\n\t\t\t\t<\/div>\n\t\t\t\t<div class=\"elementor-element elementor-element-5799f5d de_scroll_animation_no elementor-widget elementor-widget-heading\" data-id=\"5799f5d\" data-element_type=\"widget\" data-settings=\"{&quot;_animation&quot;:&quot;none&quot;}\" data-widget_type=\"heading.default\">\n\t\t\t\t<div class=\"elementor-widget-container\">\n\t\t\t<h2 class=\"elementor-heading-title elementor-size-default\">LF Studio garanton privat\u00ebsi dhe konfidencialitet.<\/h2>\t\t<\/div>\n\t\t\t\t<\/div>\n\t\t\t\t<div class=\"elementor-element elementor-element-4084f00 de_scroll_animation_no elementor-widget elementor-widget-text-editor\" data-id=\"4084f00\" data-element_type=\"widget\" data-settings=\"{&quot;_animation&quot;:&quot;none&quot;}\" data-widget_type=\"text-editor.default\">\n\t\t\t\t<div class=\"elementor-widget-container\">\n\t\t\t\t\t\t\t<p>E dim\u00eb se \u00ebsht\u00eb e r\u00ebnd\u00ebsishme q\u00eb \u00e7\u00ebshtjet tuaja t\u00eb mbeten private. Dokumentet tuaja do t\u00eb mbahen gjithmon\u00eb konfidenciale. Ne mund t\u00eb n\u00ebnshkruajm\u00eb edhe nj\u00eb marr\u00ebveshje p\u00ebr mos-zbulim (NDA) p\u00ebr t'ju dh\u00ebn\u00eb paqe mendjeje. N\u00ebse keni nevoj\u00eb p\u00ebr nj\u00eb ekip p\u00ebrkthyesish t\u00eb cil\u00ebve mund t'u besoni me dokumentet ligjore t\u00eb r\u00ebnd\u00ebsishme q\u00eb k\u00ebrkojn\u00eb p\u00ebrkthim t\u00eb sakt\u00eb, nd\u00ebrsa ruani t\u00eb gjitha \u00e7\u00ebshtjet tuaja private, at\u00ebher\u00eb kontaktoni LF Studio sot p\u00ebr nj\u00eb vler\u00ebsim falas dhe shikoni se si ekipi yn\u00eb i p\u00ebrkthyesve profesionist\u00eb mund t'ju ndihmoj\u00eb.<\/p>\t\t\t\t\t\t<\/div>\n\t\t\t\t<\/div>\n\t\t\t\t<div class=\"elementor-element elementor-element-7550218 de_scroll_animation_no elementor-widget elementor-widget-button\" data-id=\"7550218\" data-element_type=\"widget\" data-widget_type=\"button.default\">\n\t\t\t\t<div class=\"elementor-widget-container\">\n\t\t\t\t\t<div class=\"elementor-button-wrapper\">\n\t\t\t<a class=\"elementor-button elementor-button-link elementor-size-sm\" href=\"https:\/\/lfstudio.al\/sq\/get-a-quote\/\">\n\t\t\t\t\t\t<span class=\"elementor-button-content-wrapper\">\n\t\t\t\t\t\t<span class=\"elementor-button-text\">Merrni nj\u00eb ofert\u00eb falas tani<\/span>\n\t\t<\/span>\n\t\t\t\t\t<\/a>\n\t\t<\/div>\n\t\t\t\t<\/div>\n\t\t\t\t<\/div>\n\t\t\t\t\t<\/div>\n\t\t<\/div>\n\t\t\t\t\t\t\t<\/div>\n\t\t<\/section>\n\t\t\t\t<section class=\"elementor-section elementor-top-section elementor-element elementor-element-4f69c032 elementor-section-boxed elementor-section-height-default elementor-section-height-default\" data-id=\"4f69c032\" data-element_type=\"section\">\n\t\t\t\t\t\t<div class=\"elementor-container elementor-column-gap-default\">\n\t\t\t\t\t<div class=\"elementor-column elementor-col-100 elementor-top-column elementor-element elementor-element-713f7cff\" data-id=\"713f7cff\" data-element_type=\"column\">\n\t\t\t<div class=\"elementor-widget-wrap elementor-element-populated\">\n\t\t\t\t\t\t\t\t<div class=\"elementor-element elementor-element-5e494953 elementor-widget-divider--view-line de_scroll_animation_no elementor-invisible elementor-widget elementor-widget-divider\" data-id=\"5e494953\" data-element_type=\"widget\" data-settings=\"{&quot;_animation&quot;:&quot;fadeIn&quot;}\" data-widget_type=\"divider.default\">\n\t\t\t\t<div class=\"elementor-widget-container\">\n\t\t\t<style>\/*! elementor - v3.18.0 - 20-12-2023 *\/\n.elementor-widget-divider{--divider-border-style:none;--divider-border-width:1px;--divider-color:#0c0d0e;--divider-icon-size:20px;--divider-element-spacing:10px;--divider-pattern-height:24px;--divider-pattern-size:20px;--divider-pattern-url:none;--divider-pattern-repeat:repeat-x}.elementor-widget-divider .elementor-divider{display:flex}.elementor-widget-divider .elementor-divider__text{font-size:15px;line-height:1;max-width:95%}.elementor-widget-divider .elementor-divider__element{margin:0 var(--divider-element-spacing);flex-shrink:0}.elementor-widget-divider .elementor-icon{font-size:var(--divider-icon-size)}.elementor-widget-divider .elementor-divider-separator{display:flex;margin:0;direction:ltr}.elementor-widget-divider--view-line_icon .elementor-divider-separator,.elementor-widget-divider--view-line_text .elementor-divider-separator{align-items:center}.elementor-widget-divider--view-line_icon .elementor-divider-separator:after,.elementor-widget-divider--view-line_icon .elementor-divider-separator:before,.elementor-widget-divider--view-line_text .elementor-divider-separator:after,.elementor-widget-divider--view-line_text .elementor-divider-separator:before{display:block;content:\"\";border-bottom:0;flex-grow:1;border-top:var(--divider-border-width) var(--divider-border-style) var(--divider-color)}.elementor-widget-divider--element-align-left .elementor-divider .elementor-divider-separator>.elementor-divider__svg:first-of-type{flex-grow:0;flex-shrink:100}.elementor-widget-divider--element-align-left .elementor-divider-separator:before{content:none}.elementor-widget-divider--element-align-left .elementor-divider__element{margin-left:0}.elementor-widget-divider--element-align-right .elementor-divider .elementor-divider-separator>.elementor-divider__svg:last-of-type{flex-grow:0;flex-shrink:100}.elementor-widget-divider--element-align-right .elementor-divider-separator:after{content:none}.elementor-widget-divider--element-align-right .elementor-divider__element{margin-right:0}.elementor-widget-divider:not(.elementor-widget-divider--view-line_text):not(.elementor-widget-divider--view-line_icon) .elementor-divider-separator{border-top:var(--divider-border-width) var(--divider-border-style) var(--divider-color)}.elementor-widget-divider--separator-type-pattern{--divider-border-style:none}.elementor-widget-divider--separator-type-pattern.elementor-widget-divider--view-line .elementor-divider-separator,.elementor-widget-divider--separator-type-pattern:not(.elementor-widget-divider--view-line) .elementor-divider-separator:after,.elementor-widget-divider--separator-type-pattern:not(.elementor-widget-divider--view-line) .elementor-divider-separator:before,.elementor-widget-divider--separator-type-pattern:not([class*=elementor-widget-divider--view]) .elementor-divider-separator{width:100%;min-height:var(--divider-pattern-height);-webkit-mask-size:var(--divider-pattern-size) 100%;mask-size:var(--divider-pattern-size) 100%;-webkit-mask-repeat:var(--divider-pattern-repeat);mask-repeat:var(--divider-pattern-repeat);background-color:var(--divider-color);-webkit-mask-image:var(--divider-pattern-url);mask-image:var(--divider-pattern-url)}.elementor-widget-divider--no-spacing{--divider-pattern-size:auto}.elementor-widget-divider--bg-round{--divider-pattern-repeat:round}.rtl .elementor-widget-divider .elementor-divider__text{direction:rtl}.e-con-inner>.elementor-widget-divider,.e-con>.elementor-widget-divider{width:var(--container-widget-width,100%);--flex-grow:var(--container-widget-flex-grow)}<\/style>\t\t<div class=\"elementor-divider\">\n\t\t\t<span class=\"elementor-divider-separator\">\n\t\t\t\t\t\t<\/span>\n\t\t<\/div>\n\t\t\t\t<\/div>\n\t\t\t\t<\/div>\n\t\t\t\t\t<\/div>\n\t\t<\/div>\n\t\t\t\t\t\t\t<\/div>\n\t\t<\/section>\n\t\t\t\t\t\t\t<\/div>","protected":false},"excerpt":{"rendered":"<p>Legal Translation Service High Accuracy Matters When it comes to legal document translation service, you need a translation service that will not make mistakes. Because of the very sensitive nature of law, and the way that law is written, a single mistake could mean that a legal document now has what is called a \u2018loophole\u2019 &hellip;<\/p>\n<p class=\"read-more\"> <a class=\"\" href=\"https:\/\/lfstudio.al\/sq\/legal-translation-service\/\"> <span class=\"screen-reader-text\">P\u00ebrkthime<\/span> Read More &raquo;<\/a><\/p>","protected":false},"author":1,"featured_media":0,"parent":0,"menu_order":0,"comment_status":"closed","ping_status":"closed","template":"elementor_header_footer","meta":{"site-sidebar-layout":"no-sidebar","site-content-layout":"","ast-site-content-layout":"full-width-container","site-content-style":"default","site-sidebar-style":"default","ast-global-header-display":"","ast-banner-title-visibility":"","ast-main-header-display":"","ast-hfb-above-header-display":"","ast-hfb-below-header-display":"","ast-hfb-mobile-header-display":"","site-post-title":"disabled","ast-breadcrumbs-content":"","ast-featured-img":"disabled","footer-sml-layout":"","theme-transparent-header-meta":"default","adv-header-id-meta":"","stick-header-meta":"","header-above-stick-meta":"","header-main-stick-meta":"","header-below-stick-meta":"","astra-migrate-meta-layouts":"set","ast-page-background-enabled":"default","ast-page-background-meta":{"desktop":{"background-color":"var(--ast-global-color-4)","background-image":"","background-repeat":"repeat","background-position":"center center","background-size":"auto","background-attachment":"scroll","background-type":"","background-media":"","overlay-type":"","overlay-color":"","overlay-gradient":""},"tablet":{"background-color":"","background-image":"","background-repeat":"repeat","background-position":"center center","background-size":"auto","background-attachment":"scroll","background-type":"","background-media":"","overlay-type":"","overlay-color":"","overlay-gradient":""},"mobile":{"background-color":"","background-image":"","background-repeat":"repeat","background-position":"center center","background-size":"auto","background-attachment":"scroll","background-type":"","background-media":"","overlay-type":"","overlay-color":"","overlay-gradient":""}},"ast-content-background-meta":{"desktop":{"background-color":"var(--ast-global-color-5)","background-image":"","background-repeat":"repeat","background-position":"center center","background-size":"auto","background-attachment":"scroll","background-type":"","background-media":"","overlay-type":"","overlay-color":"","overlay-gradient":""},"tablet":{"background-color":"var(--ast-global-color-5)","background-image":"","background-repeat":"repeat","background-position":"center center","background-size":"auto","background-attachment":"scroll","background-type":"","background-media":"","overlay-type":"","overlay-color":"","overlay-gradient":""},"mobile":{"background-color":"var(--ast-global-color-5)","background-image":"","background-repeat":"repeat","background-position":"center center","background-size":"auto","background-attachment":"scroll","background-type":"","background-media":"","overlay-type":"","overlay-color":"","overlay-gradient":""}},"footnotes":""},"yoast_head":"<!-- This site is optimized with the Yoast SEO plugin v23.0 - https:\/\/yoast.com\/wordpress\/plugins\/seo\/ -->\n<title>Legal Translation Service - LF Studio<\/title>\n<meta name=\"robots\" content=\"index, follow, max-snippet:-1, max-image-preview:large, max-video-preview:-1\" \/>\n<link rel=\"canonical\" href=\"https:\/\/lfstudio.al\/sq\/legal-translation-service\/\" \/>\n<meta property=\"og:locale\" content=\"sq_AL\" \/>\n<meta property=\"og:type\" content=\"article\" \/>\n<meta property=\"og:title\" content=\"Legal Translation Service - LF Studio\" \/>\n<meta property=\"og:description\" content=\"Legal Translation Service High Accuracy Matters When it comes to legal document translation service, you need a translation service that will not make mistakes. Because of the very sensitive nature of law, and the way that law is written, a single mistake could mean that a legal document now has what is called a \u2018loophole\u2019 &hellip; Legal Translation Service Read More &raquo;\" \/>\n<meta property=\"og:url\" content=\"https:\/\/lfstudio.al\/sq\/legal-translation-service\/\" \/>\n<meta property=\"og:site_name\" content=\"LF Studio\" \/>\n<meta property=\"article:publisher\" content=\"https:\/\/www.facebook.com\/LF-Studio-104920954596871\/\" \/>\n<meta property=\"article:modified_time\" content=\"2023-11-09T10:56:06+00:00\" \/>\n<meta name=\"twitter:card\" content=\"summary_large_image\" \/>\n<meta name=\"twitter:label1\" content=\"Est. reading time\" \/>\n\t<meta name=\"twitter:data1\" content=\"3 minuta\" \/>\n<script type=\"application\/ld+json\" class=\"yoast-schema-graph\">{\"@context\":\"https:\/\/schema.org\",\"@graph\":[{\"@type\":\"WebPage\",\"@id\":\"https:\/\/lfstudio.al\/legal-translation-service\/\",\"url\":\"https:\/\/lfstudio.al\/legal-translation-service\/\",\"name\":\"Legal Translation Service - LF Studio\",\"isPartOf\":{\"@id\":\"https:\/\/lfstudio.al\/#website\"},\"datePublished\":\"2023-09-14T16:12:42+00:00\",\"dateModified\":\"2023-11-09T10:56:06+00:00\",\"breadcrumb\":{\"@id\":\"https:\/\/lfstudio.al\/legal-translation-service\/#breadcrumb\"},\"inLanguage\":\"sq\",\"potentialAction\":[{\"@type\":\"ReadAction\",\"target\":[\"https:\/\/lfstudio.al\/legal-translation-service\/\"]}]},{\"@type\":\"BreadcrumbList\",\"@id\":\"https:\/\/lfstudio.al\/legal-translation-service\/#breadcrumb\",\"itemListElement\":[{\"@type\":\"ListItem\",\"position\":1,\"name\":\"Home\",\"item\":\"https:\/\/lfstudio.al\/\"},{\"@type\":\"ListItem\",\"position\":2,\"name\":\"Legal Translation Service\"}]},{\"@type\":\"WebSite\",\"@id\":\"https:\/\/lfstudio.al\/#website\",\"url\":\"https:\/\/lfstudio.al\/\",\"name\":\"LF Studio\",\"description\":\"Unlocking Global Connections, One Word at a Time\",\"publisher\":{\"@id\":\"https:\/\/lfstudio.al\/#organization\"},\"potentialAction\":[{\"@type\":\"SearchAction\",\"target\":{\"@type\":\"EntryPoint\",\"urlTemplate\":\"https:\/\/lfstudio.al\/?s={search_term_string}\"},\"query-input\":\"required name=search_term_string\"}],\"inLanguage\":\"sq\"},{\"@type\":\"Organization\",\"@id\":\"https:\/\/lfstudio.al\/#organization\",\"name\":\"LF Studio\",\"url\":\"https:\/\/lfstudio.al\/\",\"logo\":{\"@type\":\"ImageObject\",\"inLanguage\":\"sq\",\"@id\":\"https:\/\/lfstudio.al\/#\/schema\/logo\/image\/\",\"url\":\"https:\/\/lfstudio.al\/wp-content\/uploads\/2023\/09\/logo-1.png\",\"contentUrl\":\"https:\/\/lfstudio.al\/wp-content\/uploads\/2023\/09\/logo-1.png\",\"width\":3302,\"height\":2552,\"caption\":\"LF Studio\"},\"image\":{\"@id\":\"https:\/\/lfstudio.al\/#\/schema\/logo\/image\/\"},\"sameAs\":[\"https:\/\/www.facebook.com\/LF-Studio-104920954596871\/\",\"https:\/\/www.instagram.com\/l.fstudio\/\"]}]}<\/script>\n<!-- \/ Yoast SEO plugin. -->","yoast_head_json":{"title":"Legal Translation Service - LF Studio","robots":{"index":"index","follow":"follow","max-snippet":"max-snippet:-1","max-image-preview":"max-image-preview:large","max-video-preview":"max-video-preview:-1"},"canonical":"https:\/\/lfstudio.al\/sq\/legal-translation-service\/","og_locale":"sq_AL","og_type":"article","og_title":"Legal Translation Service - LF Studio","og_description":"Legal Translation Service High Accuracy Matters When it comes to legal document translation service, you need a translation service that will not make mistakes. Because of the very sensitive nature of law, and the way that law is written, a single mistake could mean that a legal document now has what is called a \u2018loophole\u2019 &hellip; Legal Translation Service Read More &raquo;","og_url":"https:\/\/lfstudio.al\/sq\/legal-translation-service\/","og_site_name":"LF Studio","article_publisher":"https:\/\/www.facebook.com\/LF-Studio-104920954596871\/","article_modified_time":"2023-11-09T10:56:06+00:00","twitter_card":"summary_large_image","twitter_misc":{"Est. reading time":"3 minuta"},"schema":{"@context":"https:\/\/schema.org","@graph":[{"@type":"WebPage","@id":"https:\/\/lfstudio.al\/legal-translation-service\/","url":"https:\/\/lfstudio.al\/legal-translation-service\/","name":"Legal Translation Service - LF Studio","isPartOf":{"@id":"https:\/\/lfstudio.al\/#website"},"datePublished":"2023-09-14T16:12:42+00:00","dateModified":"2023-11-09T10:56:06+00:00","breadcrumb":{"@id":"https:\/\/lfstudio.al\/legal-translation-service\/#breadcrumb"},"inLanguage":"sq","potentialAction":[{"@type":"ReadAction","target":["https:\/\/lfstudio.al\/legal-translation-service\/"]}]},{"@type":"BreadcrumbList","@id":"https:\/\/lfstudio.al\/legal-translation-service\/#breadcrumb","itemListElement":[{"@type":"ListItem","position":1,"name":"Home","item":"https:\/\/lfstudio.al\/"},{"@type":"ListItem","position":2,"name":"Legal Translation Service"}]},{"@type":"WebSite","@id":"https:\/\/lfstudio.al\/#website","url":"https:\/\/lfstudio.al\/","name":"LF Studio","description":"Unlocking Global Connections, One Word at a Time","publisher":{"@id":"https:\/\/lfstudio.al\/#organization"},"potentialAction":[{"@type":"SearchAction","target":{"@type":"EntryPoint","urlTemplate":"https:\/\/lfstudio.al\/?s={search_term_string}"},"query-input":"required name=search_term_string"}],"inLanguage":"sq"},{"@type":"Organization","@id":"https:\/\/lfstudio.al\/#organization","name":"LF Studio","url":"https:\/\/lfstudio.al\/","logo":{"@type":"ImageObject","inLanguage":"sq","@id":"https:\/\/lfstudio.al\/#\/schema\/logo\/image\/","url":"https:\/\/lfstudio.al\/wp-content\/uploads\/2023\/09\/logo-1.png","contentUrl":"https:\/\/lfstudio.al\/wp-content\/uploads\/2023\/09\/logo-1.png","width":3302,"height":2552,"caption":"LF Studio"},"image":{"@id":"https:\/\/lfstudio.al\/#\/schema\/logo\/image\/"},"sameAs":["https:\/\/www.facebook.com\/LF-Studio-104920954596871\/","https:\/\/www.instagram.com\/l.fstudio\/"]}]}},"_links":{"self":[{"href":"https:\/\/lfstudio.al\/sq\/wp-json\/wp\/v2\/pages\/453"}],"collection":[{"href":"https:\/\/lfstudio.al\/sq\/wp-json\/wp\/v2\/pages"}],"about":[{"href":"https:\/\/lfstudio.al\/sq\/wp-json\/wp\/v2\/types\/page"}],"author":[{"embeddable":true,"href":"https:\/\/lfstudio.al\/sq\/wp-json\/wp\/v2\/users\/1"}],"replies":[{"embeddable":true,"href":"https:\/\/lfstudio.al\/sq\/wp-json\/wp\/v2\/comments?post=453"}],"version-history":[{"count":7,"href":"https:\/\/lfstudio.al\/sq\/wp-json\/wp\/v2\/pages\/453\/revisions"}],"predecessor-version":[{"id":1217,"href":"https:\/\/lfstudio.al\/sq\/wp-json\/wp\/v2\/pages\/453\/revisions\/1217"}],"wp:attachment":[{"href":"https:\/\/lfstudio.al\/sq\/wp-json\/wp\/v2\/media?parent=453"}],"curies":[{"name":"wp","href":"https:\/\/api.w.org\/{rel}","templated":true}]}}